{"id":3019,"date":"2017-01-15T18:24:54","date_gmt":"2017-01-15T16:24:54","guid":{"rendered":"https:\/\/sackingbob74.wordpress.com\/?page_id=3019"},"modified":"2017-01-15T18:24:54","modified_gmt":"2017-01-15T16:24:54","slug":"winter-2016","status":"publish","type":"page","link":"https:\/\/sackingbob74.synology.me\/wordpress\/winter-2016\/","title":{"rendered":"Winter 2016"},"content":{"rendered":"<p>Hallo an Alle, die meinem Blog und meinen Geschichten folgen.<br \/>\nEin paar von Euch f\u00e4llt es vielleicht schwer, der Fortsetzungsgeschichte zu folgen. Aus diesem Grund erscheint hier (nach und nach) eine Zusammenfassung der Beitr\u00e4ge.<br \/>\nGrunds\u00e4tzlich besteht eine Jahreszeit bei mir immer aus 7 Kapiteln zu je 13 Beitr\u00e4gen. Sind alle diese 13 Beitr\u00e4ge erschienen, erscheint eine Seite, die alle 13 Beitr\u00e4ge beinhaltet.<br \/>\nViel Spa\u00df beim Lesen.<br \/>\nGru\u00df, SAC<br \/>\n<div id='gallery-1' class='gallery galleryid-3019 gallery-columns-3 gallery-size-thumbnail'><figure class='gallery-item'>\n\t\t\t<div class='gallery-icon landscape'>\n\t\t\t\t<a href='https:\/\/sackingbob74.synology.me\/wordpress\/2017\/01\/02\/friedliches-essen\/img_0565-2\/'><img width=\"150\" height=\"150\" src=\"https:\/\/sackingbob74.synology.me\/wordpress\/wp-content\/uploads\/2016\/12\/img_0565-2-150x150.jpg\" class=\"attachment-thumbnail size-thumbnail\" alt=\"\" decoding=\"async\" loading=\"lazy\" aria-describedby=\"gallery-1-2946\" \/><\/a>\n\t\t\t<\/div>\n\t\t\t\t<figcaption class='wp-caption-text gallery-caption' id='gallery-1-2946'>\n\t\t\t\tKapitel 1\n\t\t\t\t<\/figcaption><\/figure><figure class='gallery-item'>\n\t\t\t<div class='gallery-icon landscape'>\n\t\t\t\t<a href='https:\/\/sackingbob74.synology.me\/wordpress\/2017\/01\/03\/die-ewig-gestrigen\/img_0567\/'><img width=\"150\" height=\"150\" src=\"https:\/\/sackingbob74.synology.me\/wordpress\/wp-content\/uploads\/2016\/12\/img_0567-150x150.jpg\" class=\"attachment-thumbnail size-thumbnail\" alt=\"\" decoding=\"async\" loading=\"lazy\" aria-describedby=\"gallery-1-2947\" \/><\/a>\n\t\t\t<\/div>\n\t\t\t\t<figcaption class='wp-caption-text gallery-caption' id='gallery-1-2947'>\n\t\t\t\tKapitel 2\n\t\t\t\t<\/figcaption><\/figure><figure class='gallery-item'>\n\t\t\t<div class='gallery-icon landscape'>\n\t\t\t\t<a href='https:\/\/sackingbob74.synology.me\/wordpress\/2017\/01\/16\/kapitel-3-bleibt-hier\/img_0570\/'><img width=\"150\" height=\"150\" src=\"https:\/\/sackingbob74.synology.me\/wordpress\/wp-content\/uploads\/2016\/12\/img_0570-150x150.jpg\" class=\"attachment-thumbnail size-thumbnail\" alt=\"\" decoding=\"async\" loading=\"lazy\" aria-describedby=\"gallery-1-2951\" \/><\/a>\n\t\t\t<\/div>\n\t\t\t\t<figcaption class='wp-caption-text gallery-caption' id='gallery-1-2951'>\n\t\t\t\tKapitel 3\n\t\t\t\t<\/figcaption><\/figure><figure class='gallery-item'>\n\t\t\t<div class='gallery-icon landscape'>\n\t\t\t\t<a href='https:\/\/sackingbob74.synology.me\/wordpress\/2017\/01\/29\/kapitel-4-savehouse\/img_8782\/'><img width=\"150\" height=\"150\" src=\"https:\/\/sackingbob74.synology.me\/wordpress\/wp-content\/uploads\/2017\/01\/img_8782-150x150.jpg\" class=\"attachment-thumbnail size-thumbnail\" alt=\"\" decoding=\"async\" loading=\"lazy\" aria-describedby=\"gallery-1-3087\" \/><\/a>\n\t\t\t<\/div>\n\t\t\t\t<figcaption class='wp-caption-text gallery-caption' id='gallery-1-3087'>\n\t\t\t\tKapitel 4\n\t\t\t\t<\/figcaption><\/figure><figure class='gallery-item'>\n\t\t\t<div class='gallery-icon landscape'>\n\t\t\t\t<a href='https:\/\/sackingbob74.synology.me\/wordpress\/2017\/02\/11\/kapitel-5-was-jetzt\/434c054d-5231-4e2e-bd2e-f0ef9268f609\/'><img width=\"150\" height=\"150\" src=\"https:\/\/sackingbob74.synology.me\/wordpress\/wp-content\/uploads\/2017\/02\/434c054d-5231-4e2e-bd2e-f0ef9268f609-150x150.jpg\" class=\"attachment-thumbnail size-thumbnail\" alt=\"\" decoding=\"async\" loading=\"lazy\" aria-describedby=\"gallery-1-3194\" \/><\/a>\n\t\t\t<\/div>\n\t\t\t\t<figcaption class='wp-caption-text gallery-caption' id='gallery-1-3194'>\n\t\t\t\tKapitel 5\n\t\t\t\t<\/figcaption><\/figure><figure class='gallery-item'>\n\t\t\t<div class='gallery-icon landscape'>\n\t\t\t\t<a href='https:\/\/sackingbob74.synology.me\/wordpress\/2017\/02\/24\/kapitel-6-erwachen\/img_0617\/'><img width=\"150\" height=\"150\" src=\"https:\/\/sackingbob74.synology.me\/wordpress\/wp-content\/uploads\/2017\/02\/img_0617-150x150.jpg\" class=\"attachment-thumbnail size-thumbnail\" alt=\"\" decoding=\"async\" loading=\"lazy\" aria-describedby=\"gallery-1-3195\" \/><\/a>\n\t\t\t<\/div>\n\t\t\t\t<figcaption class='wp-caption-text gallery-caption' id='gallery-1-3195'>\n\t\t\t\tKapitel 6\n\t\t\t\t<\/figcaption><\/figure><figure class='gallery-item'>\n\t\t\t<div class='gallery-icon landscape'>\n\t\t\t\t<a href='https:\/\/sackingbob74.synology.me\/wordpress\/2017\/03\/09\/kapitel-7\/img_8834\/'><img width=\"150\" height=\"150\" src=\"https:\/\/sackingbob74.synology.me\/wordpress\/wp-content\/uploads\/2017\/02\/img_8834-150x150.jpg\" class=\"attachment-thumbnail size-thumbnail\" alt=\"\" decoding=\"async\" loading=\"lazy\" \/><\/a>\n\t\t\t<\/div><\/figure>\n\t\t<\/div>\n<\/p>\n<p style=\"text-align:center;\"><a href=\"https:\/\/sackingbob74.wordpress.com\/winter-2015\/winter-2016-kapitel-1\/\">Kapitel 1<\/a>\u00a0&#8211;\u00a0<a href=\"https:\/\/sackingbob74.wordpress.com\/winter-2015\/winter-2016-kapitel-1\/winter-2016-kapitel-2\/\">Kapitel2<\/a>\u00a0&#8211;\u00a0<a href=\"https:\/\/sackingbob74.wordpress.com\/winter-2016\/winter-2016-kapitel-3\/\">Kapitel 3<\/a>\u00a0&#8211;\u00a0<a href=\"https:\/\/sackingbob74.wordpress.com\/winter-2016\/winter-2016-kapitel-4\/\">Kapitel 4<\/a>\u00a0&#8211; <a href=\"https:\/\/sackingbob74.wordpress.com\/winter-2016\/winter-2016-kapitel-5\/\">Kapitel 5<\/a> &#8211; <a href=\"https:\/\/sackingbob74.wordpress.com\/winter-2016\/winter-2016-kapitel-6\/\">Kapitel 6<\/a> &#8211; <a href=\"https:\/\/sackingbob74.wordpress.com\/winter-2016\/winter-2016-kapitel-7\/\">Kapitel 7<\/a><\/p>\n","protected":false},"excerpt":{"rendered":"<p>Hallo an Alle, die meinem Blog und meinen Geschichten folgen. Ein paar von Euch f\u00e4llt es vielleicht schwer, der Fortsetzungsgeschichte zu folgen. Aus diesem Grund erscheint hier (nach und nach) eine Zusammenfassung der Beitr\u00e4ge. Grunds\u00e4tzlich besteht eine Jahreszeit bei mir immer aus 7 Kapiteln zu je 13 Beitr\u00e4gen. Sind alle diese 13 Beitr\u00e4ge erschienen, erscheint [&hellip;]<\/p>\n","protected":false},"author":1,"featured_media":2981,"parent":0,"menu_order":0,"comment_status":"open","ping_status":"open","template":"","meta":{"_bbp_topic_count":0,"_bbp_reply_count":0,"_bbp_total_topic_count":0,"_bbp_total_reply_count":0,"_bbp_voice_count":0,"_bbp_anonymous_reply_count":0,"_bbp_topic_count_hidden":0,"_bbp_reply_count_hidden":0,"_bbp_forum_subforum_count":0,"episode_type":"","audio_file":"","cover_image":"","cover_image_id":"","duration":"","filesize":"","date_recorded":"","explicit":"","block":"","filesize_raw":""},"yoast_head":"<!-- This site is optimized with the Yoast SEO plugin v18.2 - https:\/\/yoast.com\/wordpress\/plugins\/seo\/ -->\n<title>Winter 2016 - Das Archiv<\/title>\n<meta name=\"robots\" content=\"index, follow, max-snippet:-1, max-image-preview:large, max-video-preview:-1\" \/>\n<link rel=\"canonical\" href=\"http:\/\/sackingbob74.synology.me\/wordpress\/winter-2016\/\" \/>\n<meta property=\"og:locale\" content=\"de_DE\" \/>\n<meta property=\"og:type\" content=\"article\" \/>\n<meta property=\"og:title\" content=\"Winter 2016 - Das Archiv\" \/>\n<meta property=\"og:description\" content=\"Hallo an Alle, die meinem Blog und meinen Geschichten folgen. Ein paar von Euch f\u00e4llt es vielleicht schwer, der Fortsetzungsgeschichte zu folgen. Aus diesem Grund erscheint hier (nach und nach) eine Zusammenfassung der Beitr\u00e4ge. Grunds\u00e4tzlich besteht eine Jahreszeit bei mir immer aus 7 Kapiteln zu je 13 Beitr\u00e4gen. Sind alle diese 13 Beitr\u00e4ge erschienen, erscheint [&hellip;]\" \/>\n<meta property=\"og:url\" content=\"http:\/\/sackingbob74.synology.me\/wordpress\/winter-2016\/\" \/>\n<meta property=\"og:site_name\" content=\"Das Archiv\" \/>\n<meta property=\"article:publisher\" content=\"https:\/\/www.facebook.com\/SackingBob74\" \/>\n<meta property=\"og:image\" content=\"http:\/\/sackingbob74.synology.me\/wordpress\/wp-content\/uploads\/2017\/01\/img_8532.jpg\" \/>\n\t<meta property=\"og:image:width\" content=\"1730\" \/>\n\t<meta property=\"og:image:height\" content=\"640\" \/>\n\t<meta property=\"og:image:type\" content=\"image\/jpeg\" \/>\n<meta name=\"twitter:card\" content=\"summary_large_image\" \/>\n<meta name=\"twitter:site\" content=\"@SackingBob74\" \/>\n<script type=\"application\/ld+json\" class=\"yoast-schema-graph\">{\"@context\":\"https:\/\/schema.org\",\"@graph\":[{\"@type\":[\"Person\",\"Organization\"],\"@id\":\"http:\/\/sackingbob74.synology.me\/wordpress\/#\/schema\/person\/b4e8c9800a43e3dd482a88f9b5c1f484\",\"name\":\"SackingBob74\",\"image\":{\"@type\":\"ImageObject\",\"@id\":\"http:\/\/sackingbob74.synology.me\/wordpress\/#personlogo\",\"inLanguage\":\"de-DE\",\"url\":\"https:\/\/192.168.178.37\/wordpress\/wp-content\/uploads\/2017\/09\/e60748ec-bc11-4b2b-9771-d1736483a421-3010-000006f5be2e569f.jpg\",\"contentUrl\":\"https:\/\/192.168.178.37\/wordpress\/wp-content\/uploads\/2017\/09\/e60748ec-bc11-4b2b-9771-d1736483a421-3010-000006f5be2e569f.jpg\",\"width\":960,\"height\":1280,\"caption\":\"SackingBob74\"},\"logo\":{\"@id\":\"http:\/\/sackingbob74.synology.me\/wordpress\/#personlogo\"},\"description\":\"1974 in Dorsten geboren, entdeckte man fr\u00fch das fehlende sportliche Talent des Autors. \u00dcber Jahre erlernte er m\u00fchsam das Lesen und Schreiben, wobei er mit dem Letzteren immer seine Probleme hatte. Die Lehrer bescheinigten ihm ein hohes Ma\u00df an Fantasie und Flexibilit\u00e4t in der Rechtschreibung. Aus den oberen Gr\u00fcnden stand ihm lediglich der Zweig der Naturwissenschaften offen. Sein Werdegang wurde 2008 an Halloween mit einer Promotion in Chemie belohnt. Sein erstes Buch \u00bbNiedermolekulare Co-Kristallisation\u00ab erwies sich als Ladenh\u00fcter (Essener Uni-Bibliothek, wird wahrscheinlich z.Z. im unzug\u00e4nglichen Keller aufbewahrt). Um eine breitere \u00d6ffentlichkeit zu erreichen, beschloss der Autor, das Genre zu wechseln. Seit ein paar Jahren ver\u00f6ffentlicht er in seinem Blog &gt;SackingBob74.de&lt; Geschichten \u00fcber sich und die personalisierten Jahreszeiten. Er lebt mit seiner Familie in Gladbeck.\",\"sameAs\":[\"http:\/\/sackingbob74.synology.me\/wordpress\",\"https:\/\/www.facebook.com\/SackingBob74\",\"https:\/\/twitter.com\/SackingBob74\"]},{\"@type\":\"WebSite\",\"@id\":\"http:\/\/sackingbob74.synology.me\/wordpress\/#website\",\"url\":\"http:\/\/sackingbob74.synology.me\/wordpress\/\",\"name\":\"Das Archiv\",\"description\":\"Die Welt des Doc SAC aka SackingBob74\",\"publisher\":{\"@id\":\"http:\/\/sackingbob74.synology.me\/wordpress\/#\/schema\/person\/b4e8c9800a43e3dd482a88f9b5c1f484\"},\"potentialAction\":[{\"@type\":\"SearchAction\",\"target\":{\"@type\":\"EntryPoint\",\"urlTemplate\":\"http:\/\/sackingbob74.synology.me\/wordpress\/?s={search_term_string}\"},\"query-input\":\"required name=search_term_string\"}],\"inLanguage\":\"de-DE\"},{\"@type\":\"ImageObject\",\"@id\":\"http:\/\/sackingbob74.synology.me\/wordpress\/winter-2016\/#primaryimage\",\"inLanguage\":\"de-DE\",\"url\":\"https:\/\/sackingbob74.synology.me\/wordpress\/wp-content\/uploads\/2017\/01\/img_8532.jpg\",\"contentUrl\":\"https:\/\/sackingbob74.synology.me\/wordpress\/wp-content\/uploads\/2017\/01\/img_8532.jpg\",\"width\":1730,\"height\":640},{\"@type\":\"WebPage\",\"@id\":\"http:\/\/sackingbob74.synology.me\/wordpress\/winter-2016\/#webpage\",\"url\":\"http:\/\/sackingbob74.synology.me\/wordpress\/winter-2016\/\",\"name\":\"Winter 2016 - Das Archiv\",\"isPartOf\":{\"@id\":\"http:\/\/sackingbob74.synology.me\/wordpress\/#website\"},\"primaryImageOfPage\":{\"@id\":\"http:\/\/sackingbob74.synology.me\/wordpress\/winter-2016\/#primaryimage\"},\"datePublished\":\"2017-01-15T16:24:54+00:00\",\"dateModified\":\"2017-01-15T16:24:54+00:00\",\"breadcrumb\":{\"@id\":\"http:\/\/sackingbob74.synology.me\/wordpress\/winter-2016\/#breadcrumb\"},\"inLanguage\":\"de-DE\",\"potentialAction\":[{\"@type\":\"ReadAction\",\"target\":[\"http:\/\/sackingbob74.synology.me\/wordpress\/winter-2016\/\"]}]},{\"@type\":\"BreadcrumbList\",\"@id\":\"http:\/\/sackingbob74.synology.me\/wordpress\/winter-2016\/#breadcrumb\",\"itemListElement\":[{\"@type\":\"ListItem\",\"position\":1,\"name\":\"Startseite\",\"item\":\"http:\/\/sackingbob74.synology.me\/wordpress\/\"},{\"@type\":\"ListItem\",\"position\":2,\"name\":\"Winter 2016\"}]}]}<\/script>\n<!-- \/ Yoast SEO plugin. -->","yoast_head_json":{"title":"Winter 2016 - Das Archiv","robots":{"index":"index","follow":"follow","max-snippet":"max-snippet:-1","max-image-preview":"max-image-preview:large","max-video-preview":"max-video-preview:-1"},"canonical":"http:\/\/sackingbob74.synology.me\/wordpress\/winter-2016\/","og_locale":"de_DE","og_type":"article","og_title":"Winter 2016 - Das Archiv","og_description":"Hallo an Alle, die meinem Blog und meinen Geschichten folgen. Ein paar von Euch f\u00e4llt es vielleicht schwer, der Fortsetzungsgeschichte zu folgen. Aus diesem Grund erscheint hier (nach und nach) eine Zusammenfassung der Beitr\u00e4ge. Grunds\u00e4tzlich besteht eine Jahreszeit bei mir immer aus 7 Kapiteln zu je 13 Beitr\u00e4gen. Sind alle diese 13 Beitr\u00e4ge erschienen, erscheint [&hellip;]","og_url":"http:\/\/sackingbob74.synology.me\/wordpress\/winter-2016\/","og_site_name":"Das Archiv","article_publisher":"https:\/\/www.facebook.com\/SackingBob74","og_image":[{"width":1730,"height":640,"url":"http:\/\/sackingbob74.synology.me\/wordpress\/wp-content\/uploads\/2017\/01\/img_8532.jpg","type":"image\/jpeg"}],"twitter_card":"summary_large_image","twitter_site":"@SackingBob74","schema":{"@context":"https:\/\/schema.org","@graph":[{"@type":["Person","Organization"],"@id":"http:\/\/sackingbob74.synology.me\/wordpress\/#\/schema\/person\/b4e8c9800a43e3dd482a88f9b5c1f484","name":"SackingBob74","image":{"@type":"ImageObject","@id":"http:\/\/sackingbob74.synology.me\/wordpress\/#personlogo","inLanguage":"de-DE","url":"https:\/\/192.168.178.37\/wordpress\/wp-content\/uploads\/2017\/09\/e60748ec-bc11-4b2b-9771-d1736483a421-3010-000006f5be2e569f.jpg","contentUrl":"https:\/\/192.168.178.37\/wordpress\/wp-content\/uploads\/2017\/09\/e60748ec-bc11-4b2b-9771-d1736483a421-3010-000006f5be2e569f.jpg","width":960,"height":1280,"caption":"SackingBob74"},"logo":{"@id":"http:\/\/sackingbob74.synology.me\/wordpress\/#personlogo"},"description":"1974 in Dorsten geboren, entdeckte man fr\u00fch das fehlende sportliche Talent des Autors. \u00dcber Jahre erlernte er m\u00fchsam das Lesen und Schreiben, wobei er mit dem Letzteren immer seine Probleme hatte. Die Lehrer bescheinigten ihm ein hohes Ma\u00df an Fantasie und Flexibilit\u00e4t in der Rechtschreibung. Aus den oberen Gr\u00fcnden stand ihm lediglich der Zweig der Naturwissenschaften offen. Sein Werdegang wurde 2008 an Halloween mit einer Promotion in Chemie belohnt. Sein erstes Buch \u00bbNiedermolekulare Co-Kristallisation\u00ab erwies sich als Ladenh\u00fcter (Essener Uni-Bibliothek, wird wahrscheinlich z.Z. im unzug\u00e4nglichen Keller aufbewahrt). Um eine breitere \u00d6ffentlichkeit zu erreichen, beschloss der Autor, das Genre zu wechseln. Seit ein paar Jahren ver\u00f6ffentlicht er in seinem Blog &gt;SackingBob74.de&lt; Geschichten \u00fcber sich und die personalisierten Jahreszeiten. Er lebt mit seiner Familie in Gladbeck.","sameAs":["http:\/\/sackingbob74.synology.me\/wordpress","https:\/\/www.facebook.com\/SackingBob74","https:\/\/twitter.com\/SackingBob74"]},{"@type":"WebSite","@id":"http:\/\/sackingbob74.synology.me\/wordpress\/#website","url":"http:\/\/sackingbob74.synology.me\/wordpress\/","name":"Das Archiv","description":"Die Welt des Doc SAC aka SackingBob74","publisher":{"@id":"http:\/\/sackingbob74.synology.me\/wordpress\/#\/schema\/person\/b4e8c9800a43e3dd482a88f9b5c1f484"},"potentialAction":[{"@type":"SearchAction","target":{"@type":"EntryPoint","urlTemplate":"http:\/\/sackingbob74.synology.me\/wordpress\/?s={search_term_string}"},"query-input":"required name=search_term_string"}],"inLanguage":"de-DE"},{"@type":"ImageObject","@id":"http:\/\/sackingbob74.synology.me\/wordpress\/winter-2016\/#primaryimage","inLanguage":"de-DE","url":"https:\/\/sackingbob74.synology.me\/wordpress\/wp-content\/uploads\/2017\/01\/img_8532.jpg","contentUrl":"https:\/\/sackingbob74.synology.me\/wordpress\/wp-content\/uploads\/2017\/01\/img_8532.jpg","width":1730,"height":640},{"@type":"WebPage","@id":"http:\/\/sackingbob74.synology.me\/wordpress\/winter-2016\/#webpage","url":"http:\/\/sackingbob74.synology.me\/wordpress\/winter-2016\/","name":"Winter 2016 - Das Archiv","isPartOf":{"@id":"http:\/\/sackingbob74.synology.me\/wordpress\/#website"},"primaryImageOfPage":{"@id":"http:\/\/sackingbob74.synology.me\/wordpress\/winter-2016\/#primaryimage"},"datePublished":"2017-01-15T16:24:54+00:00","dateModified":"2017-01-15T16:24:54+00:00","breadcrumb":{"@id":"http:\/\/sackingbob74.synology.me\/wordpress\/winter-2016\/#breadcrumb"},"inLanguage":"de-DE","potentialAction":[{"@type":"ReadAction","target":["http:\/\/sackingbob74.synology.me\/wordpress\/winter-2016\/"]}]},{"@type":"BreadcrumbList","@id":"http:\/\/sackingbob74.synology.me\/wordpress\/winter-2016\/#breadcrumb","itemListElement":[{"@type":"ListItem","position":1,"name":"Startseite","item":"http:\/\/sackingbob74.synology.me\/wordpress\/"},{"@type":"ListItem","position":2,"name":"Winter 2016"}]}]}},"_links":{"self":[{"href":"https:\/\/sackingbob74.synology.me\/wordpress\/wp-json\/wp\/v2\/pages\/3019"}],"collection":[{"href":"https:\/\/sackingbob74.synology.me\/wordpress\/wp-json\/wp\/v2\/pages"}],"about":[{"href":"https:\/\/sackingbob74.synology.me\/wordpress\/wp-json\/wp\/v2\/types\/page"}],"author":[{"embeddable":true,"href":"https:\/\/sackingbob74.synology.me\/wordpress\/wp-json\/wp\/v2\/users\/1"}],"replies":[{"embeddable":true,"href":"https:\/\/sackingbob74.synology.me\/wordpress\/wp-json\/wp\/v2\/comments?post=3019"}],"version-history":[{"count":0,"href":"https:\/\/sackingbob74.synology.me\/wordpress\/wp-json\/wp\/v2\/pages\/3019\/revisions"}],"wp:featuredmedia":[{"embeddable":true,"href":"https:\/\/sackingbob74.synology.me\/wordpress\/wp-json\/wp\/v2\/media\/2981"}],"wp:attachment":[{"href":"https:\/\/sackingbob74.synology.me\/wordpress\/wp-json\/wp\/v2\/media?parent=3019"}],"curies":[{"name":"wp","href":"https:\/\/api.w.org\/{rel}","templated":true}]}}