{"id":130,"date":"2015-10-18T16:34:32","date_gmt":"2015-10-18T16:34:32","guid":{"rendered":"http:\/\/sackingbob74.wordpress.com\/?page_id=1"},"modified":"2015-10-18T16:34:32","modified_gmt":"2015-10-18T16:34:32","slug":"about","status":"publish","type":"page","link":"https:\/\/sackingbob74.synology.me\/wordpress\/about\/","title":{"rendered":"\u00dcber &#8230;"},"content":{"rendered":"<p>Eigentlich sollte das hier etwas Anderes werden. Ich schw\u00f6re, dass ich das nicht geplant hatte. Der Blog\u00a0sollte eigentlich mehr meine eigene Meinung wiederspiegeln. Nebenbei wollte ich zwar unterhalten aber&#8230;<br \/>\nDann habe ich bemerkt, dass ich mit dem Blog ein paar Dinge ausprobieren kann. Es war ein kleines Labor und als Chemiker experimentiert man gerne. Da kam mir gerade recht, dass sich Herr Herbst in mein Leben dr\u00e4ngte.<br \/>\nEs war leider nicht der Schauspieler, sondern nur ein armselig, depressiver Geselle als Jahreszeit gegen Ende 2015. Was mich \u00fcberraschte war, dass sich diese Jahreszeit tats\u00e4chlich mit mir unterhielt. Letztendlich haben wir uns gut unterhalten und wir hatten einige Themen, die bis an den Rand des Guten gingen (siehe z.B. den Text\u00a0<a href=\"https:\/\/sackingbob74.wordpress.com\/2015\/10\/25\/ratten\/\">Ratten<\/a>).<br \/>\nDann kam Winter und mein Herz wurde kalt. Die Dame war kein hei\u00dfer Feger, sondern eher cool wie Eis. Nachdem sie mir kompromisslos klar gemacht hatte, dass es nicht lohnt, sich mit ihr zu streiten, nahm sie mich mit auf eine Suche nach ihrer Mutter Natur. Die Reise war etwas unkoordiniert und voller Rauschzust\u00e4nde (siehe z.B. den Text <a href=\"https:\/\/sackingbob74.wordpress.com\/2016\/02\/26\/stairway-to-heaven\/\">Stairway to Heaven<\/a>). Deshalb schwor ich mir mit Fr\u00fchling etwas Neues zu erleben.<br \/>\nDiese kam, nicht ganz p\u00fcnktlich, aber trotzdem rechtzeitig, zum L\u00f6sen eines Falles, den schon Herbst und Winter vorher bearbeitet haben.<br \/>\nWer mehr wissen will, sollte die aktuellen Text lesen. Wer nur das erste Kapitel lesen m\u00f6chte, findet hier das <a href=\"https:\/\/sackingbob74.wordpress.com\/1-kapitel\/\">Kapitel 1<\/a>. Was ich allerdings verspreche\u00a0ist, dass ich regelm\u00e4\u00dfig abschweifen werde.<br \/>\nViel Spa\u00df beim St\u00f6bern und Gru\u00df,<br \/>\nSAC(king \u00a0Bob)<\/p>\n","protected":false},"excerpt":{"rendered":"<p>Eigentlich sollte das hier etwas Anderes werden. Ich schw\u00f6re, dass ich das nicht geplant hatte. Der Blog\u00a0sollte eigentlich mehr meine eigene Meinung wiederspiegeln. Nebenbei wollte ich zwar unterhalten aber&#8230; Dann habe ich bemerkt, dass ich mit dem Blog ein paar Dinge ausprobieren kann. Es war ein kleines Labor und als Chemiker experimentiert man gerne. Da [&hellip;]<\/p>\n","protected":false},"author":1,"featured_media":1173,"parent":0,"menu_order":0,"comment_status":"open","ping_status":"open","template":"","meta":{"_bbp_topic_count":0,"_bbp_reply_count":0,"_bbp_total_topic_count":0,"_bbp_total_reply_count":0,"_bbp_voice_count":0,"_bbp_anonymous_reply_count":0,"_bbp_topic_count_hidden":0,"_bbp_reply_count_hidden":0,"_bbp_forum_subforum_count":0,"episode_type":"","audio_file":"","cover_image":"","cover_image_id":"","duration":"","filesize":"","date_recorded":"","explicit":"","block":"","filesize_raw":""},"yoast_head":"<!-- This site is optimized with the Yoast SEO plugin v18.2 - https:\/\/yoast.com\/wordpress\/plugins\/seo\/ -->\n<title>\u00dcber ... - Das Archiv<\/title>\n<meta name=\"robots\" content=\"index, follow, max-snippet:-1, max-image-preview:large, max-video-preview:-1\" \/>\n<link rel=\"canonical\" href=\"https:\/\/sackingbob74.synology.me\/wordpress\/about\/\" \/>\n<meta property=\"og:locale\" content=\"de_DE\" \/>\n<meta property=\"og:type\" content=\"article\" \/>\n<meta property=\"og:title\" content=\"\u00dcber ... - Das Archiv\" \/>\n<meta property=\"og:description\" content=\"Eigentlich sollte das hier etwas Anderes werden. Ich schw\u00f6re, dass ich das nicht geplant hatte. Der Blog\u00a0sollte eigentlich mehr meine eigene Meinung wiederspiegeln. Nebenbei wollte ich zwar unterhalten aber&#8230; Dann habe ich bemerkt, dass ich mit dem Blog ein paar Dinge ausprobieren kann. Es war ein kleines Labor und als Chemiker experimentiert man gerne. Da [&hellip;]\" \/>\n<meta property=\"og:url\" content=\"https:\/\/sackingbob74.synology.me\/wordpress\/about\/\" \/>\n<meta property=\"og:site_name\" content=\"Das Archiv\" \/>\n<meta property=\"article:publisher\" content=\"https:\/\/www.facebook.com\/SackingBob74\" \/>\n<meta property=\"og:image\" content=\"https:\/\/sackingbob74.synology.me\/wordpress\/wp-content\/uploads\/2016\/03\/cropped-img_3454.jpg\" \/>\n\t<meta property=\"og:image:width\" content=\"1440\" \/>\n\t<meta property=\"og:image:height\" content=\"366\" \/>\n\t<meta property=\"og:image:type\" content=\"image\/jpeg\" \/>\n<meta name=\"twitter:card\" content=\"summary_large_image\" \/>\n<meta name=\"twitter:site\" content=\"@SackingBob74\" \/>\n<meta name=\"twitter:label1\" content=\"Gesch\u00e4tzte Lesezeit\" \/>\n\t<meta name=\"twitter:data1\" content=\"1 Minute\" \/>\n<script type=\"application\/ld+json\" class=\"yoast-schema-graph\">{\"@context\":\"https:\/\/schema.org\",\"@graph\":[{\"@type\":[\"Person\",\"Organization\"],\"@id\":\"http:\/\/sackingbob74.synology.me\/wordpress\/#\/schema\/person\/b4e8c9800a43e3dd482a88f9b5c1f484\",\"name\":\"SackingBob74\",\"image\":{\"@type\":\"ImageObject\",\"@id\":\"http:\/\/sackingbob74.synology.me\/wordpress\/#personlogo\",\"inLanguage\":\"de-DE\",\"url\":\"https:\/\/192.168.178.37\/wordpress\/wp-content\/uploads\/2017\/09\/e60748ec-bc11-4b2b-9771-d1736483a421-3010-000006f5be2e569f.jpg\",\"contentUrl\":\"https:\/\/192.168.178.37\/wordpress\/wp-content\/uploads\/2017\/09\/e60748ec-bc11-4b2b-9771-d1736483a421-3010-000006f5be2e569f.jpg\",\"width\":960,\"height\":1280,\"caption\":\"SackingBob74\"},\"logo\":{\"@id\":\"http:\/\/sackingbob74.synology.me\/wordpress\/#personlogo\"},\"description\":\"1974 in Dorsten geboren, entdeckte man fr\u00fch das fehlende sportliche Talent des Autors. \u00dcber Jahre erlernte er m\u00fchsam das Lesen und Schreiben, wobei er mit dem Letzteren immer seine Probleme hatte. Die Lehrer bescheinigten ihm ein hohes Ma\u00df an Fantasie und Flexibilit\u00e4t in der Rechtschreibung. Aus den oberen Gr\u00fcnden stand ihm lediglich der Zweig der Naturwissenschaften offen. Sein Werdegang wurde 2008 an Halloween mit einer Promotion in Chemie belohnt. Sein erstes Buch \u00bbNiedermolekulare Co-Kristallisation\u00ab erwies sich als Ladenh\u00fcter (Essener Uni-Bibliothek, wird wahrscheinlich z.Z. im unzug\u00e4nglichen Keller aufbewahrt). Um eine breitere \u00d6ffentlichkeit zu erreichen, beschloss der Autor, das Genre zu wechseln. Seit ein paar Jahren ver\u00f6ffentlicht er in seinem Blog &gt;SackingBob74.de&lt; Geschichten \u00fcber sich und die personalisierten Jahreszeiten. Er lebt mit seiner Familie in Gladbeck.\",\"sameAs\":[\"http:\/\/sackingbob74.synology.me\/wordpress\",\"https:\/\/www.facebook.com\/SackingBob74\",\"https:\/\/twitter.com\/SackingBob74\"]},{\"@type\":\"WebSite\",\"@id\":\"http:\/\/sackingbob74.synology.me\/wordpress\/#website\",\"url\":\"http:\/\/sackingbob74.synology.me\/wordpress\/\",\"name\":\"Das Archiv\",\"description\":\"Die Welt des Doc SAC aka SackingBob74\",\"publisher\":{\"@id\":\"http:\/\/sackingbob74.synology.me\/wordpress\/#\/schema\/person\/b4e8c9800a43e3dd482a88f9b5c1f484\"},\"potentialAction\":[{\"@type\":\"SearchAction\",\"target\":{\"@type\":\"EntryPoint\",\"urlTemplate\":\"http:\/\/sackingbob74.synology.me\/wordpress\/?s={search_term_string}\"},\"query-input\":\"required name=search_term_string\"}],\"inLanguage\":\"de-DE\"},{\"@type\":\"ImageObject\",\"@id\":\"https:\/\/sackingbob74.synology.me\/wordpress\/about\/#primaryimage\",\"inLanguage\":\"de-DE\",\"url\":\"https:\/\/sackingbob74.synology.me\/wordpress\/wp-content\/uploads\/2016\/03\/cropped-img_3454.jpg\",\"contentUrl\":\"https:\/\/sackingbob74.synology.me\/wordpress\/wp-content\/uploads\/2016\/03\/cropped-img_3454.jpg\",\"width\":1440,\"height\":366},{\"@type\":\"WebPage\",\"@id\":\"https:\/\/sackingbob74.synology.me\/wordpress\/about\/#webpage\",\"url\":\"https:\/\/sackingbob74.synology.me\/wordpress\/about\/\",\"name\":\"\u00dcber ... - Das Archiv\",\"isPartOf\":{\"@id\":\"http:\/\/sackingbob74.synology.me\/wordpress\/#website\"},\"primaryImageOfPage\":{\"@id\":\"https:\/\/sackingbob74.synology.me\/wordpress\/about\/#primaryimage\"},\"datePublished\":\"2015-10-18T16:34:32+00:00\",\"dateModified\":\"2015-10-18T16:34:32+00:00\",\"breadcrumb\":{\"@id\":\"https:\/\/sackingbob74.synology.me\/wordpress\/about\/#breadcrumb\"},\"inLanguage\":\"de-DE\",\"potentialAction\":[{\"@type\":\"ReadAction\",\"target\":[\"https:\/\/sackingbob74.synology.me\/wordpress\/about\/\"]}]},{\"@type\":\"BreadcrumbList\",\"@id\":\"https:\/\/sackingbob74.synology.me\/wordpress\/about\/#breadcrumb\",\"itemListElement\":[{\"@type\":\"ListItem\",\"position\":1,\"name\":\"Startseite\",\"item\":\"http:\/\/sackingbob74.synology.me\/wordpress\/\"},{\"@type\":\"ListItem\",\"position\":2,\"name\":\"\u00dcber &#8230;\"}]}]}<\/script>\n<!-- \/ Yoast SEO plugin. -->","yoast_head_json":{"title":"\u00dcber ... - Das Archiv","robots":{"index":"index","follow":"follow","max-snippet":"max-snippet:-1","max-image-preview":"max-image-preview:large","max-video-preview":"max-video-preview:-1"},"canonical":"https:\/\/sackingbob74.synology.me\/wordpress\/about\/","og_locale":"de_DE","og_type":"article","og_title":"\u00dcber ... - Das Archiv","og_description":"Eigentlich sollte das hier etwas Anderes werden. Ich schw\u00f6re, dass ich das nicht geplant hatte. Der Blog\u00a0sollte eigentlich mehr meine eigene Meinung wiederspiegeln. Nebenbei wollte ich zwar unterhalten aber&#8230; Dann habe ich bemerkt, dass ich mit dem Blog ein paar Dinge ausprobieren kann. Es war ein kleines Labor und als Chemiker experimentiert man gerne. Da [&hellip;]","og_url":"https:\/\/sackingbob74.synology.me\/wordpress\/about\/","og_site_name":"Das Archiv","article_publisher":"https:\/\/www.facebook.com\/SackingBob74","og_image":[{"width":1440,"height":366,"url":"https:\/\/sackingbob74.synology.me\/wordpress\/wp-content\/uploads\/2016\/03\/cropped-img_3454.jpg","type":"image\/jpeg"}],"twitter_card":"summary_large_image","twitter_site":"@SackingBob74","twitter_misc":{"Gesch\u00e4tzte Lesezeit":"1 Minute"},"schema":{"@context":"https:\/\/schema.org","@graph":[{"@type":["Person","Organization"],"@id":"http:\/\/sackingbob74.synology.me\/wordpress\/#\/schema\/person\/b4e8c9800a43e3dd482a88f9b5c1f484","name":"SackingBob74","image":{"@type":"ImageObject","@id":"http:\/\/sackingbob74.synology.me\/wordpress\/#personlogo","inLanguage":"de-DE","url":"https:\/\/192.168.178.37\/wordpress\/wp-content\/uploads\/2017\/09\/e60748ec-bc11-4b2b-9771-d1736483a421-3010-000006f5be2e569f.jpg","contentUrl":"https:\/\/192.168.178.37\/wordpress\/wp-content\/uploads\/2017\/09\/e60748ec-bc11-4b2b-9771-d1736483a421-3010-000006f5be2e569f.jpg","width":960,"height":1280,"caption":"SackingBob74"},"logo":{"@id":"http:\/\/sackingbob74.synology.me\/wordpress\/#personlogo"},"description":"1974 in Dorsten geboren, entdeckte man fr\u00fch das fehlende sportliche Talent des Autors. \u00dcber Jahre erlernte er m\u00fchsam das Lesen und Schreiben, wobei er mit dem Letzteren immer seine Probleme hatte. Die Lehrer bescheinigten ihm ein hohes Ma\u00df an Fantasie und Flexibilit\u00e4t in der Rechtschreibung. Aus den oberen Gr\u00fcnden stand ihm lediglich der Zweig der Naturwissenschaften offen. Sein Werdegang wurde 2008 an Halloween mit einer Promotion in Chemie belohnt. Sein erstes Buch \u00bbNiedermolekulare Co-Kristallisation\u00ab erwies sich als Ladenh\u00fcter (Essener Uni-Bibliothek, wird wahrscheinlich z.Z. im unzug\u00e4nglichen Keller aufbewahrt). Um eine breitere \u00d6ffentlichkeit zu erreichen, beschloss der Autor, das Genre zu wechseln. Seit ein paar Jahren ver\u00f6ffentlicht er in seinem Blog &gt;SackingBob74.de&lt; Geschichten \u00fcber sich und die personalisierten Jahreszeiten. Er lebt mit seiner Familie in Gladbeck.","sameAs":["http:\/\/sackingbob74.synology.me\/wordpress","https:\/\/www.facebook.com\/SackingBob74","https:\/\/twitter.com\/SackingBob74"]},{"@type":"WebSite","@id":"http:\/\/sackingbob74.synology.me\/wordpress\/#website","url":"http:\/\/sackingbob74.synology.me\/wordpress\/","name":"Das Archiv","description":"Die Welt des Doc SAC aka SackingBob74","publisher":{"@id":"http:\/\/sackingbob74.synology.me\/wordpress\/#\/schema\/person\/b4e8c9800a43e3dd482a88f9b5c1f484"},"potentialAction":[{"@type":"SearchAction","target":{"@type":"EntryPoint","urlTemplate":"http:\/\/sackingbob74.synology.me\/wordpress\/?s={search_term_string}"},"query-input":"required name=search_term_string"}],"inLanguage":"de-DE"},{"@type":"ImageObject","@id":"https:\/\/sackingbob74.synology.me\/wordpress\/about\/#primaryimage","inLanguage":"de-DE","url":"https:\/\/sackingbob74.synology.me\/wordpress\/wp-content\/uploads\/2016\/03\/cropped-img_3454.jpg","contentUrl":"https:\/\/sackingbob74.synology.me\/wordpress\/wp-content\/uploads\/2016\/03\/cropped-img_3454.jpg","width":1440,"height":366},{"@type":"WebPage","@id":"https:\/\/sackingbob74.synology.me\/wordpress\/about\/#webpage","url":"https:\/\/sackingbob74.synology.me\/wordpress\/about\/","name":"\u00dcber ... - Das Archiv","isPartOf":{"@id":"http:\/\/sackingbob74.synology.me\/wordpress\/#website"},"primaryImageOfPage":{"@id":"https:\/\/sackingbob74.synology.me\/wordpress\/about\/#primaryimage"},"datePublished":"2015-10-18T16:34:32+00:00","dateModified":"2015-10-18T16:34:32+00:00","breadcrumb":{"@id":"https:\/\/sackingbob74.synology.me\/wordpress\/about\/#breadcrumb"},"inLanguage":"de-DE","potentialAction":[{"@type":"ReadAction","target":["https:\/\/sackingbob74.synology.me\/wordpress\/about\/"]}]},{"@type":"BreadcrumbList","@id":"https:\/\/sackingbob74.synology.me\/wordpress\/about\/#breadcrumb","itemListElement":[{"@type":"ListItem","position":1,"name":"Startseite","item":"http:\/\/sackingbob74.synology.me\/wordpress\/"},{"@type":"ListItem","position":2,"name":"\u00dcber &#8230;"}]}]}},"_links":{"self":[{"href":"https:\/\/sackingbob74.synology.me\/wordpress\/wp-json\/wp\/v2\/pages\/130"}],"collection":[{"href":"https:\/\/sackingbob74.synology.me\/wordpress\/wp-json\/wp\/v2\/pages"}],"about":[{"href":"https:\/\/sackingbob74.synology.me\/wordpress\/wp-json\/wp\/v2\/types\/page"}],"author":[{"embeddable":true,"href":"https:\/\/sackingbob74.synology.me\/wordpress\/wp-json\/wp\/v2\/users\/1"}],"replies":[{"embeddable":true,"href":"https:\/\/sackingbob74.synology.me\/wordpress\/wp-json\/wp\/v2\/comments?post=130"}],"version-history":[{"count":0,"href":"https:\/\/sackingbob74.synology.me\/wordpress\/wp-json\/wp\/v2\/pages\/130\/revisions"}],"wp:featuredmedia":[{"embeddable":true,"href":"https:\/\/sackingbob74.synology.me\/wordpress\/wp-json\/wp\/v2\/media\/1173"}],"wp:attachment":[{"href":"https:\/\/sackingbob74.synology.me\/wordpress\/wp-json\/wp\/v2\/media?parent=130"}],"curies":[{"name":"wp","href":"https:\/\/api.w.org\/{rel}","templated":true}]}}