{"id":5061,"date":"2021-12-18T10:07:55","date_gmt":"2021-12-18T09:07:55","guid":{"rendered":"https:\/\/192.168.178.37\/wordpress\/?page_id=5061"},"modified":"2021-12-21T12:08:10","modified_gmt":"2021-12-21T11:08:10","slug":"index","status":"publish","type":"page","link":"http:\/\/sackingbob74.synology.me\/wordpress\/","title":{"rendered":"Das Archiv"},"content":{"rendered":"\t\t<div data-elementor-type=\"wp-page\" data-elementor-id=\"5061\" class=\"elementor elementor-5061\">\n\t\t\t\t\t\t\t\t\t<section class=\"elementor-section elementor-top-section elementor-element elementor-element-6a1d7d64 elementor-section-boxed elementor-section-height-default elementor-section-height-default\" data-id=\"6a1d7d64\" data-element_type=\"section\">\n\t\t\t\t\t\t<div class=\"elementor-container elementor-column-gap-default\">\n\t\t\t\t\t<div class=\"elementor-column elementor-col-100 elementor-top-column elementor-element elementor-element-54ce557d\" data-id=\"54ce557d\" data-element_type=\"column\">\n\t\t\t<div class=\"elementor-widget-wrap elementor-element-populated\">\n\t\t\t\t\t\t\t\t<div class=\"elementor-element elementor-element-7f00ff66 elementor-widget elementor-widget-text-editor\" data-id=\"7f00ff66\" data-element_type=\"widget\" data-widget_type=\"text-editor.default\">\n\t\t\t\t<div class=\"elementor-widget-container\">\n\t\t\t<style>\/*! elementor - v3.11.5 - 14-03-2023 *\/\n.elementor-widget-text-editor.elementor-drop-cap-view-stacked .elementor-drop-cap{background-color:#818a91;color:#fff}.elementor-widget-text-editor.elementor-drop-cap-view-framed .elementor-drop-cap{color:#818a91;border:3px solid;background-color:transparent}.elementor-widget-text-editor:not(.elementor-drop-cap-view-default) .elementor-drop-cap{margin-top:8px}.elementor-widget-text-editor:not(.elementor-drop-cap-view-default) .elementor-drop-cap-letter{width:1em;height:1em}.elementor-widget-text-editor .elementor-drop-cap{float:left;text-align:center;line-height:1;font-size:50px}.elementor-widget-text-editor .elementor-drop-cap-letter{display:inline-block}<\/style>\t\t\t\t<p><!-- wp:paragraph --><\/p>\n<p>Diese Seite verbindet drei Sachen, die mich die letzten Jahre besch\u00e4ftigt haben.<\/p>\n<h2><span style=\"font-weight: normal;\">Die Kobolde des Ruhrgebiets <\/span><\/h2>\n<div>Nachdem ich mein Buch \u201eDie bepisst<img decoding=\"async\" loading=\"lazy\" class=\"alignright\" src=\"https:\/\/sackingbob74.synology.me\/wordpress\/wp-content\/uploads\/2021\/12\/Cover-2.4-225x300.png\" alt=\"\" width=\"225\" height=\"300\">e Fee\u201c auf Amazon herausgebracht hatte (das \u00fcbrigens ruhig mehr Leute kaufen d\u00fcrften \u2013 oder zumindest eine Rezension hinterlassen sollten) suchte ich nach einer Inspiration zu einem Folgeprojekt. Im Urlaub in Irland kaufte ich zu diesem Zweck ein kleines B\u00fcchlein \u00fcber die dort heimische Fabelwelt.Zur\u00fcck in der Heimat dachte ich dar\u00fcber nach, dass Feen, Trolle und Kobolde in fast allen n\u00f6rdlichen L\u00e4ndern zu Kultur geh\u00f6ren, in Deutschland aber lange ausgestorben sind. Dabei w\u00fcrde es mich reizen, eine Fortsetzung der Fee gerade hier im Pott anzusiedeln. Aber hier ist das M\u00e4rchen leider tot. Verzweifelt suchte ich im Netz nach ein paar Geschichten. Dort fand ich zwar M\u00e4rchen des Ruhrgebiets, jedoch begrenzten sich diese meist auf Geistergeschichten oder Hexenlegenden \u2013 ein Umstand, der vielleicht mit den weniger r\u00fchmlichen Zeiten der Hexen-Verbrennungen zur\u00fcckzuf\u00fchren ist. Kobolde \u2013 ein Volk, das hierhin passt, ist mager vertreten. Nur der M\u00fcller, der einen Kobold verarscht, indem er ihm einen B\u00e4ren als Katze verkauft, ist vorhanden. Aus diesem Grund beschloss ich, eigene Geschichten \u00fcber die Kobolde des Potts zu schreiben. Leichtsinnig erz\u00e4hlte ich Marcel davon, der sofort mitmachen wollte. Noch ein paar andere Freunde fanden die Idee so gut, dass ich beschloss einfach mehr Leuten davon zu erz\u00e4hlen. So entstand das Projekt auf dieser Seite. Es kann nur \u00fcberleben, wenn jeder flei\u00dfig mitmacht.<\/div>\n<div>Ihr gelangt genau <a href=\"https:\/\/sackingbob74.synology.me\/wordpress\/docs\/\">HIER<\/a> zu den Texten.<\/div>\n<p><!-- \/wp:paragraph --><\/p>\n<p><!-- wp:paragraph --><\/p>\n<h2><span style=\"font-weight: normal;\">Die Musik<\/span><\/h2>\n<p><span style=\"color: var( --e-global-color-text ); font-family: var( --e-global-typography-text-font-family ), Sans-serif; font-weight: var( --e-global-typography-text-font-weight );\"><img decoding=\"async\" loading=\"lazy\" class=\"alignright\" src=\"https:\/\/sackingbob74.synology.me\/wordpress\/wp-content\/uploads\/2021\/12\/IMG_0812-300x300.png\" alt=\"\" width=\"300\" height=\"300\">In den letzten zwei Jahren, hat das Thema Musik immer mehr Platz in meinem Leben eingenommen. Schuld daran hat sicherlich auch die Band F&amp;D, dessen Namen ich mich hier nicht voll auszuschreiben wage und die zumindest schon einen gro\u00dfen Auftritt hinter sich hat.<\/span><\/p>\n<p>Die Musik hat mich allerdings auch schon sehr fr\u00fch besch\u00e4ftigt, weshalb ich mich bei der &#8222;PodCast&#8220;-Sektion dieser Homepage auch um meine erste Band &#8222;The Ri\u00df&#8220; k\u00fcmmern, sowie das Gesamte noch mit ein paar eigenen, neueren Lieder w\u00fcrzen werde. Mal sehen, was mich da so insgesamt treiben wird. Wir werden sehen.<\/p>\n<p>In der letzten Zeit habe ich einige eigene Lieder, die wir mit The Ri\u00df eingespielt hatten, neu aufgenommen. Auch wenn meine Stimme nicht mit der von dem fr\u00fcheren S\u00e4nger mithalten kann, sind die neuen Versionen nat\u00fcrlich &#8222;entstaubter&#8220;. Wer immer auf den neusten Stand bleiben m\u00f6chte, kann mir auch gerne auf BandLab folgen: (<a href=\"https:\/\/www.bandlab.com\/sackingbob74\">https:\/\/www.bandlab.com\/sackingbob74<\/a>). Ich w\u00fcrde mich \u00fcber neue Follower freuen.<\/p>\n<p>Ihr gelangt genau <a href=\"https:\/\/sackingbob74.synology.me\/wordpress\/podcast\/\">HIER<\/a> zum Podcast.<\/p>\n<h2><span style=\"color: var( --e-global-color-text ); font-family: var( --e-global-typography-text-font-family ), Sans-serif; font-weight: var( --e-global-typography-text-font-weight );\">Das Archiv meiner WordPress-Seite<\/span><\/h2>\n<p><img decoding=\"async\" loading=\"lazy\" class=\"alignright\" src=\"http:\/\/sackingbob74.synology.me\/wordpress\/wp-content\/uploads\/2021\/12\/ISeite-300x259.jpg\" alt=\"\" width=\"300\" height=\"259\"><\/p>\n<p><span style=\"color: var( --e-global-color-text ); font-family: var( --e-global-typography-text-font-family ), Sans-serif; font-weight: var( --e-global-typography-text-font-weight );\">&nbsp;Zu guter Letzt, soll auf dieser Seite auch meine alte WordPress- und Tumblr-Seite archiviert werden. Im Jahreswechsel 2012 zu 2013 entstanden auf diesen beiden Seiten ein Hobby, welches mich lange Zeit besch\u00e4ftigte. Auf der Tumblr Seite ver\u00f6ffentlichte ich meinen ersten und meinen zweiten Roman (Das Stadtimperium und eL1zzyT), bis ich dann auf WordPress umstieg, ohne Tumblr je richtig zu verlassen. Auf der WordPress-Seite ver\u00f6ffentlichte ich dann t\u00e4glich meine weiteren Romane, als Spiel mit den Gezeiten. Immer wieder wurde ich dabei durch Awards und \u00e4hnlichem unterbrochen. Erst der Abschluss meiner &#8222;bepissten Fee&#8220; und die DSGVO brachten das Ende von WordPress.com zum erliegen. Seit dem liegt die Seite brach. Ich versuchte noch mehrmals, sie zu reaktivieren, jedoch ohne hohe Motivation. Letztendlich st\u00fcrzte ich mich mehr in die Musik.&nbsp;<\/span><\/p>\n<p><span style=\"color: var( --e-global-color-text ); font-family: var( --e-global-typography-text-font-family ), Sans-serif; font-weight: var( --e-global-typography-text-font-weight );\">Wer mehr wissen m\u00f6chte, kann gerne in den Beitr\u00e4gen st\u00f6bern oder sogar die alten Geschichten neu erleben.&nbsp;<\/span><\/p>\n<p><!-- \/wp:paragraph --><\/p>\n<p><!-- wp:paragraph --><\/p>\n<p><!-- \/wp:paragraph --><\/p>\t\t\t\t\t\t<\/div>\n\t\t\t\t<\/div>\n\t\t\t\t\t<\/div>\n\t\t<\/div>\n\t\t\t\t\t\t\t<\/div>\n\t\t<\/section>\n\t\t\t\t<section class=\"elementor-section elementor-top-section elementor-element elementor-element-d13eaa0 elementor-section-boxed elementor-section-height-default elementor-section-height-default\" data-id=\"d13eaa0\" data-element_type=\"section\">\n\t\t\t\t\t\t<div class=\"elementor-container elementor-column-gap-default\">\n\t\t\t\t\t<div class=\"elementor-column elementor-col-100 elementor-top-column elementor-element elementor-element-049ac6a\" data-id=\"049ac6a\" data-element_type=\"column\">\n\t\t\t<div class=\"elementor-widget-wrap\">\n\t\t\t\t\t\t\t\t\t<\/div>\n\t\t<\/div>\n\t\t\t\t\t\t\t<\/div>\n\t\t<\/section>\n\t\t\t\t\t\t\t<\/div>\n\t\t","protected":false},"excerpt":{"rendered":"<p>Diese Seite verbindet drei Sachen, die mich die letzten Jahre besch\u00e4ftigt haben. Die Kobolde des Ruhrgebiets Nachdem ich mein Buch \u201eDie bepisste Fee\u201c auf Amazon herausgebracht hatte (das \u00fcbrigens ruhig mehr Leute kaufen d\u00fcrften \u2013 oder zumindest eine Rezension hinterlassen sollten) suchte ich nach einer Inspiration zu einem Folgeprojekt. Im Urlaub in Irland kaufte ich [&hellip;]<\/p>\n","protected":false},"author":1,"featured_media":0,"parent":0,"menu_order":0,"comment_status":"closed","ping_status":"closed","template":"","meta":{"_bbp_topic_count":0,"_bbp_reply_count":0,"_bbp_total_topic_count":0,"_bbp_total_reply_count":0,"_bbp_voice_count":0,"_bbp_anonymous_reply_count":0,"_bbp_topic_count_hidden":0,"_bbp_reply_count_hidden":0,"_bbp_forum_subforum_count":0,"episode_type":"","audio_file":"","cover_image":"","cover_image_id":"","duration":"","filesize":"","date_recorded":"","explicit":"","block":"","filesize_raw":""},"yoast_head":"<!-- This site is optimized with the Yoast SEO plugin v18.2 - https:\/\/yoast.com\/wordpress\/plugins\/seo\/ -->\n<title>Das Archiv - Das Archiv<\/title>\n<meta name=\"robots\" content=\"index, follow, max-snippet:-1, max-image-preview:large, max-video-preview:-1\" \/>\n<link rel=\"canonical\" href=\"https:\/\/sackingbob74.synology.me\/wordpress\/\" \/>\n<meta property=\"og:locale\" content=\"de_DE\" \/>\n<meta property=\"og:type\" content=\"article\" \/>\n<meta property=\"og:title\" content=\"Das Archiv - Das Archiv\" \/>\n<meta property=\"og:description\" content=\"Diese Seite verbindet drei Sachen, die mich die letzten Jahre besch\u00e4ftigt haben. Die Kobolde des Ruhrgebiets Nachdem ich mein Buch \u201eDie bepisste Fee\u201c auf Amazon herausgebracht hatte (das \u00fcbrigens ruhig mehr Leute kaufen d\u00fcrften \u2013 oder zumindest eine Rezension hinterlassen sollten) suchte ich nach einer Inspiration zu einem Folgeprojekt. Im Urlaub in Irland kaufte ich [&hellip;]\" \/>\n<meta property=\"og:url\" content=\"https:\/\/sackingbob74.synology.me\/wordpress\/\" \/>\n<meta property=\"og:site_name\" content=\"Das Archiv\" \/>\n<meta property=\"article:publisher\" content=\"https:\/\/www.facebook.com\/SackingBob74\" \/>\n<meta property=\"article:modified_time\" content=\"2021-12-21T11:08:10+00:00\" \/>\n<meta property=\"og:image\" content=\"https:\/\/sackingbob74.synology.me\/wordpress\/wp-content\/uploads\/2021\/12\/Cover-2.4-225x300.png\" \/>\n<meta name=\"twitter:card\" content=\"summary_large_image\" \/>\n<meta name=\"twitter:site\" content=\"@SackingBob74\" \/>\n<meta name=\"twitter:label1\" content=\"Gesch\u00e4tzte Lesezeit\" \/>\n\t<meta name=\"twitter:data1\" content=\"4 Minuten\" \/>\n<script type=\"application\/ld+json\" class=\"yoast-schema-graph\">{\"@context\":\"https:\/\/schema.org\",\"@graph\":[{\"@type\":[\"Person\",\"Organization\"],\"@id\":\"https:\/\/sackingbob74.synology.me\/wordpress\/#\/schema\/person\/b4e8c9800a43e3dd482a88f9b5c1f484\",\"name\":\"SackingBob74\",\"image\":{\"@type\":\"ImageObject\",\"@id\":\"https:\/\/sackingbob74.synology.me\/wordpress\/#personlogo\",\"inLanguage\":\"de-DE\",\"url\":\"https:\/\/192.168.178.37\/wordpress\/wp-content\/uploads\/2017\/09\/e60748ec-bc11-4b2b-9771-d1736483a421-3010-000006f5be2e569f.jpg\",\"contentUrl\":\"https:\/\/192.168.178.37\/wordpress\/wp-content\/uploads\/2017\/09\/e60748ec-bc11-4b2b-9771-d1736483a421-3010-000006f5be2e569f.jpg\",\"width\":960,\"height\":1280,\"caption\":\"SackingBob74\"},\"logo\":{\"@id\":\"https:\/\/sackingbob74.synology.me\/wordpress\/#personlogo\"},\"description\":\"1974 in Dorsten geboren, entdeckte man fr\u00fch das fehlende sportliche Talent des Autors. \u00dcber Jahre erlernte er m\u00fchsam das Lesen und Schreiben, wobei er mit dem Letzteren immer seine Probleme hatte. Die Lehrer bescheinigten ihm ein hohes Ma\u00df an Fantasie und Flexibilit\u00e4t in der Rechtschreibung. Aus den oberen Gr\u00fcnden stand ihm lediglich der Zweig der Naturwissenschaften offen. Sein Werdegang wurde 2008 an Halloween mit einer Promotion in Chemie belohnt. Sein erstes Buch \u00bbNiedermolekulare Co-Kristallisation\u00ab erwies sich als Ladenh\u00fcter (Essener Uni-Bibliothek, wird wahrscheinlich z.Z. im unzug\u00e4nglichen Keller aufbewahrt). Um eine breitere \u00d6ffentlichkeit zu erreichen, beschloss der Autor, das Genre zu wechseln. Seit ein paar Jahren ver\u00f6ffentlicht er in seinem Blog &gt;SackingBob74.de&lt; Geschichten \u00fcber sich und die personalisierten Jahreszeiten. Er lebt mit seiner Familie in Gladbeck.\",\"sameAs\":[\"http:\/\/sackingbob74.synology.me\/wordpress\",\"https:\/\/www.facebook.com\/SackingBob74\",\"https:\/\/twitter.com\/SackingBob74\"]},{\"@type\":\"WebSite\",\"@id\":\"https:\/\/sackingbob74.synology.me\/wordpress\/#website\",\"url\":\"https:\/\/sackingbob74.synology.me\/wordpress\/\",\"name\":\"Das Archiv\",\"description\":\"Die Welt des Doc SAC aka SackingBob74\",\"publisher\":{\"@id\":\"https:\/\/sackingbob74.synology.me\/wordpress\/#\/schema\/person\/b4e8c9800a43e3dd482a88f9b5c1f484\"},\"potentialAction\":[{\"@type\":\"SearchAction\",\"target\":{\"@type\":\"EntryPoint\",\"urlTemplate\":\"https:\/\/sackingbob74.synology.me\/wordpress\/?s={search_term_string}\"},\"query-input\":\"required name=search_term_string\"}],\"inLanguage\":\"de-DE\"},{\"@type\":\"ImageObject\",\"@id\":\"https:\/\/sackingbob74.synology.me\/wordpress\/#primaryimage\",\"inLanguage\":\"de-DE\",\"url\":\"https:\/\/sackingbob74.synology.me\/wordpress\/wp-content\/uploads\/2021\/12\/Cover-2.4-225x300.png\",\"contentUrl\":\"https:\/\/sackingbob74.synology.me\/wordpress\/wp-content\/uploads\/2021\/12\/Cover-2.4-225x300.png\"},{\"@type\":\"WebPage\",\"@id\":\"https:\/\/sackingbob74.synology.me\/wordpress\/#webpage\",\"url\":\"https:\/\/sackingbob74.synology.me\/wordpress\/\",\"name\":\"Das Archiv - Das Archiv\",\"isPartOf\":{\"@id\":\"https:\/\/sackingbob74.synology.me\/wordpress\/#website\"},\"primaryImageOfPage\":{\"@id\":\"https:\/\/sackingbob74.synology.me\/wordpress\/#primaryimage\"},\"datePublished\":\"2021-12-18T09:07:55+00:00\",\"dateModified\":\"2021-12-21T11:08:10+00:00\",\"breadcrumb\":{\"@id\":\"https:\/\/sackingbob74.synology.me\/wordpress\/#breadcrumb\"},\"inLanguage\":\"de-DE\",\"potentialAction\":[{\"@type\":\"ReadAction\",\"target\":[\"https:\/\/sackingbob74.synology.me\/wordpress\/\"]}]},{\"@type\":\"BreadcrumbList\",\"@id\":\"https:\/\/sackingbob74.synology.me\/wordpress\/#breadcrumb\",\"itemListElement\":[{\"@type\":\"ListItem\",\"position\":1,\"name\":\"Startseite\",\"item\":\"https:\/\/sackingbob74.synology.me\/wordpress\/\"},{\"@type\":\"ListItem\",\"position\":2,\"name\":\"Das Archiv\"}]}]}<\/script>\n<!-- \/ Yoast SEO plugin. -->","yoast_head_json":{"title":"Das Archiv - Das Archiv","robots":{"index":"index","follow":"follow","max-snippet":"max-snippet:-1","max-image-preview":"max-image-preview:large","max-video-preview":"max-video-preview:-1"},"canonical":"https:\/\/sackingbob74.synology.me\/wordpress\/","og_locale":"de_DE","og_type":"article","og_title":"Das Archiv - Das Archiv","og_description":"Diese Seite verbindet drei Sachen, die mich die letzten Jahre besch\u00e4ftigt haben. Die Kobolde des Ruhrgebiets Nachdem ich mein Buch \u201eDie bepisste Fee\u201c auf Amazon herausgebracht hatte (das \u00fcbrigens ruhig mehr Leute kaufen d\u00fcrften \u2013 oder zumindest eine Rezension hinterlassen sollten) suchte ich nach einer Inspiration zu einem Folgeprojekt. Im Urlaub in Irland kaufte ich [&hellip;]","og_url":"https:\/\/sackingbob74.synology.me\/wordpress\/","og_site_name":"Das Archiv","article_publisher":"https:\/\/www.facebook.com\/SackingBob74","article_modified_time":"2021-12-21T11:08:10+00:00","og_image":[{"url":"https:\/\/sackingbob74.synology.me\/wordpress\/wp-content\/uploads\/2021\/12\/Cover-2.4-225x300.png"}],"twitter_card":"summary_large_image","twitter_site":"@SackingBob74","twitter_misc":{"Gesch\u00e4tzte Lesezeit":"4 Minuten"},"schema":{"@context":"https:\/\/schema.org","@graph":[{"@type":["Person","Organization"],"@id":"https:\/\/sackingbob74.synology.me\/wordpress\/#\/schema\/person\/b4e8c9800a43e3dd482a88f9b5c1f484","name":"SackingBob74","image":{"@type":"ImageObject","@id":"https:\/\/sackingbob74.synology.me\/wordpress\/#personlogo","inLanguage":"de-DE","url":"https:\/\/192.168.178.37\/wordpress\/wp-content\/uploads\/2017\/09\/e60748ec-bc11-4b2b-9771-d1736483a421-3010-000006f5be2e569f.jpg","contentUrl":"https:\/\/192.168.178.37\/wordpress\/wp-content\/uploads\/2017\/09\/e60748ec-bc11-4b2b-9771-d1736483a421-3010-000006f5be2e569f.jpg","width":960,"height":1280,"caption":"SackingBob74"},"logo":{"@id":"https:\/\/sackingbob74.synology.me\/wordpress\/#personlogo"},"description":"1974 in Dorsten geboren, entdeckte man fr\u00fch das fehlende sportliche Talent des Autors. \u00dcber Jahre erlernte er m\u00fchsam das Lesen und Schreiben, wobei er mit dem Letzteren immer seine Probleme hatte. Die Lehrer bescheinigten ihm ein hohes Ma\u00df an Fantasie und Flexibilit\u00e4t in der Rechtschreibung. Aus den oberen Gr\u00fcnden stand ihm lediglich der Zweig der Naturwissenschaften offen. Sein Werdegang wurde 2008 an Halloween mit einer Promotion in Chemie belohnt. Sein erstes Buch \u00bbNiedermolekulare Co-Kristallisation\u00ab erwies sich als Ladenh\u00fcter (Essener Uni-Bibliothek, wird wahrscheinlich z.Z. im unzug\u00e4nglichen Keller aufbewahrt). Um eine breitere \u00d6ffentlichkeit zu erreichen, beschloss der Autor, das Genre zu wechseln. Seit ein paar Jahren ver\u00f6ffentlicht er in seinem Blog &gt;SackingBob74.de&lt; Geschichten \u00fcber sich und die personalisierten Jahreszeiten. Er lebt mit seiner Familie in Gladbeck.","sameAs":["http:\/\/sackingbob74.synology.me\/wordpress","https:\/\/www.facebook.com\/SackingBob74","https:\/\/twitter.com\/SackingBob74"]},{"@type":"WebSite","@id":"https:\/\/sackingbob74.synology.me\/wordpress\/#website","url":"https:\/\/sackingbob74.synology.me\/wordpress\/","name":"Das Archiv","description":"Die Welt des Doc SAC aka SackingBob74","publisher":{"@id":"https:\/\/sackingbob74.synology.me\/wordpress\/#\/schema\/person\/b4e8c9800a43e3dd482a88f9b5c1f484"},"potentialAction":[{"@type":"SearchAction","target":{"@type":"EntryPoint","urlTemplate":"https:\/\/sackingbob74.synology.me\/wordpress\/?s={search_term_string}"},"query-input":"required name=search_term_string"}],"inLanguage":"de-DE"},{"@type":"ImageObject","@id":"https:\/\/sackingbob74.synology.me\/wordpress\/#primaryimage","inLanguage":"de-DE","url":"https:\/\/sackingbob74.synology.me\/wordpress\/wp-content\/uploads\/2021\/12\/Cover-2.4-225x300.png","contentUrl":"https:\/\/sackingbob74.synology.me\/wordpress\/wp-content\/uploads\/2021\/12\/Cover-2.4-225x300.png"},{"@type":"WebPage","@id":"https:\/\/sackingbob74.synology.me\/wordpress\/#webpage","url":"https:\/\/sackingbob74.synology.me\/wordpress\/","name":"Das Archiv - Das Archiv","isPartOf":{"@id":"https:\/\/sackingbob74.synology.me\/wordpress\/#website"},"primaryImageOfPage":{"@id":"https:\/\/sackingbob74.synology.me\/wordpress\/#primaryimage"},"datePublished":"2021-12-18T09:07:55+00:00","dateModified":"2021-12-21T11:08:10+00:00","breadcrumb":{"@id":"https:\/\/sackingbob74.synology.me\/wordpress\/#breadcrumb"},"inLanguage":"de-DE","potentialAction":[{"@type":"ReadAction","target":["https:\/\/sackingbob74.synology.me\/wordpress\/"]}]},{"@type":"BreadcrumbList","@id":"https:\/\/sackingbob74.synology.me\/wordpress\/#breadcrumb","itemListElement":[{"@type":"ListItem","position":1,"name":"Startseite","item":"https:\/\/sackingbob74.synology.me\/wordpress\/"},{"@type":"ListItem","position":2,"name":"Das Archiv"}]}]}},"_links":{"self":[{"href":"http:\/\/sackingbob74.synology.me\/wordpress\/wp-json\/wp\/v2\/pages\/5061"}],"collection":[{"href":"http:\/\/sackingbob74.synology.me\/wordpress\/wp-json\/wp\/v2\/pages"}],"about":[{"href":"http:\/\/sackingbob74.synology.me\/wordpress\/wp-json\/wp\/v2\/types\/page"}],"author":[{"embeddable":true,"href":"http:\/\/sackingbob74.synology.me\/wordpress\/wp-json\/wp\/v2\/users\/1"}],"replies":[{"embeddable":true,"href":"http:\/\/sackingbob74.synology.me\/wordpress\/wp-json\/wp\/v2\/comments?post=5061"}],"version-history":[{"count":17,"href":"http:\/\/sackingbob74.synology.me\/wordpress\/wp-json\/wp\/v2\/pages\/5061\/revisions"}],"predecessor-version":[{"id":5137,"href":"http:\/\/sackingbob74.synology.me\/wordpress\/wp-json\/wp\/v2\/pages\/5061\/revisions\/5137"}],"wp:attachment":[{"href":"http:\/\/sackingbob74.synology.me\/wordpress\/wp-json\/wp\/v2\/media?parent=5061"}],"curies":[{"name":"wp","href":"https:\/\/api.w.org\/{rel}","templated":true}]}}