{"id":4277,"date":"2018-05-03T17:24:16","date_gmt":"2018-05-03T15:24:16","guid":{"rendered":"https:\/\/sackingbob74.wordpress.com\/?page_id=4277"},"modified":"2018-05-03T17:24:16","modified_gmt":"2018-05-03T15:24:16","slug":"impressum","status":"publish","type":"page","link":"http:\/\/sackingbob74.synology.me\/wordpress\/impressum\/","title":{"rendered":"Impressum"},"content":{"rendered":"<h1>Impressum<\/h1>\n<h2>Angaben gem\u00e4\u00df \u00a7 5 TMG:<\/h2>\n<p>Sebastian A. Cirkel<br \/>\nMarcq-en-Baroeul-Str. 6<br \/>\n65966 Gladbeck<\/p>\n<h2>Kontakt:<\/h2>\n<p>Telefon: +49 (0) 170 4636878<br \/>\nE-Mail: sackingbob74@hotmail.de<\/p>\n<h2>Haftung f\u00fcr Inhalte<\/h2>\n<p>Als Diensteanbieter sind wir gem\u00e4\u00df \u00a7 7 Abs.1 TMG f\u00fcr eigene Inhalte auf diesen Seiten<br \/>\nnach den allgemeinen Gesetzen verantwortlich. Nach \u00a7\u00a7 8 bis 10 TMG sind wir als<br \/>\nDiensteanbieter jedoch nicht verpflichtet, \u00fcbermittelte oder gespeicherte fremde Informationen zu<br \/>\n\u00fcberwachen oder nach Umst\u00e4nden zu forschen, die auf eine rechtswidrige T\u00e4tigkeit<br \/>\nhinweisen.<br \/>\nVerpflichtungen zur Entfernung oder Sperrung der Nutzung von Informationen nach<br \/>\nden allgemeinen Gesetzen bleiben hiervon unber\u00fchrt. Eine diesbez\u00fcgliche Haftung ist jedoch<br \/>\nerst ab dem Zeitpunkt der Kenntnis einer konkreten Rechtsverletzung m\u00f6glich. Bei Bekanntwerden<br \/>\nvon entsprechenden Rechtsverletzungen werden wir diese Inhalte umgehend entfernen.<\/p>\n<h2>Haftung f\u00fcr Links<\/h2>\n<p>Unser Angebot enth\u00e4lt Links zu externen Websites Dritter, auf<br \/>\nderen Inhalte wir keinen Einfluss haben. Deshalb k\u00f6nnen wir f\u00fcr diese fremden Inhalte auch<br \/>\nkeine Gew\u00e4hr \u00fcbernehmen. F\u00fcr die Inhalte der verlinkten Seiten ist stets der jeweilige<br \/>\nAnbieter oder Betreiber der Seiten verantwortlich. Die verlinkten Seiten wurden zum Zeitpunkt der<br \/>\nVerlinkung auf m\u00f6gliche Rechtsverst\u00f6\u00dfe \u00fcberpr\u00fcft. Rechtswidrige Inhalte<br \/>\nwaren zum Zeitpunkt der Verlinkung nicht erkennbar.<br \/>\nEine permanente inhaltliche Kontrolle der<br \/>\nverlinkten Seiten ist jedoch ohne konkrete Anhaltspunkte einer Rechtsverletzung nicht zumutbar. Bei<br \/>\nBekanntwerden von Rechtsverletzungen werden wir derartige Links umgehend entfernen.<\/p>\n<h2>Urheberrecht<\/h2>\n<p>Die durch die Seitenbetreiber erstellten Inhalte und Werke auf diesen Seiten<br \/>\nunterliegen dem deutschen Urheberrecht. Die Vervielf\u00e4ltigung, Bearbeitung, Verbreitung und jede<br \/>\nArt der Verwertung au\u00dferhalb der Grenzen des Urheberrechtes bed\u00fcrfen der schriftlichen<br \/>\nZustimmung des jeweiligen Autors bzw. Erstellers. Downloads und Kopien dieser Seite sind nur f\u00fcr<br \/>\nden privaten, nicht kommerziellen Gebrauch gestattet.<br \/>\nSoweit die Inhalte auf dieser Seite nicht<br \/>\nvom Betreiber erstellt wurden, werden die Urheberrechte Dritter beachtet. Insbesondere werden Inhalte<br \/>\nDritter als solche gekennzeichnet. Sollten Sie trotzdem auf eine Urheberrechtsverletzung aufmerksam<br \/>\nwerden, bitten wir um einen entsprechenden Hinweis. Bei Bekanntwerden von Rechtsverletzungen<br \/>\nwerden wir derartige Inhalte umgehend entfernen.<br \/>\nQuelle: <a href=\"https:\/\/www.erecht24.de\">eRecht24<\/a><br \/>\n&nbsp;<\/p>\n","protected":false},"excerpt":{"rendered":"<p>Impressum Angaben gem\u00e4\u00df \u00a7 5 TMG: Sebastian A. Cirkel Marcq-en-Baroeul-Str. 6 65966 Gladbeck Kontakt: Telefon: +49 (0) 170 4636878 E-Mail: sackingbob74@hotmail.de Haftung f\u00fcr Inhalte Als Diensteanbieter sind wir gem\u00e4\u00df \u00a7 7 Abs.1 TMG f\u00fcr eigene Inhalte auf diesen Seiten nach den allgemeinen Gesetzen verantwortlich. Nach \u00a7\u00a7 8 bis 10 TMG sind wir als Diensteanbieter jedoch [&hellip;]<\/p>\n","protected":false},"author":1,"featured_media":0,"parent":0,"menu_order":0,"comment_status":"closed","ping_status":"closed","template":"","meta":{"_bbp_topic_count":0,"_bbp_reply_count":0,"_bbp_total_topic_count":0,"_bbp_total_reply_count":0,"_bbp_voice_count":0,"_bbp_anonymous_reply_count":0,"_bbp_topic_count_hidden":0,"_bbp_reply_count_hidden":0,"_bbp_forum_subforum_count":0,"episode_type":"","audio_file":"","cover_image":"","cover_image_id":"","duration":"","filesize":"","date_recorded":"","explicit":"","block":"","filesize_raw":""},"yoast_head":"<!-- This site is optimized with the Yoast SEO plugin v18.2 - https:\/\/yoast.com\/wordpress\/plugins\/seo\/ -->\n<title>Impressum - Das Archiv<\/title>\n<meta name=\"robots\" content=\"index, follow, max-snippet:-1, max-image-preview:large, max-video-preview:-1\" \/>\n<link rel=\"canonical\" href=\"http:\/\/sackingbob74.synology.me\/wordpress\/impressum\/\" \/>\n<meta property=\"og:locale\" content=\"de_DE\" \/>\n<meta property=\"og:type\" content=\"article\" \/>\n<meta property=\"og:title\" content=\"Impressum - Das Archiv\" \/>\n<meta property=\"og:description\" content=\"Impressum Angaben gem\u00e4\u00df \u00a7 5 TMG: Sebastian A. Cirkel Marcq-en-Baroeul-Str. 6 65966 Gladbeck Kontakt: Telefon: +49 (0) 170 4636878 E-Mail: sackingbob74@hotmail.de Haftung f\u00fcr Inhalte Als Diensteanbieter sind wir gem\u00e4\u00df \u00a7 7 Abs.1 TMG f\u00fcr eigene Inhalte auf diesen Seiten nach den allgemeinen Gesetzen verantwortlich. Nach \u00a7\u00a7 8 bis 10 TMG sind wir als Diensteanbieter jedoch [&hellip;]\" \/>\n<meta property=\"og:url\" content=\"http:\/\/sackingbob74.synology.me\/wordpress\/impressum\/\" \/>\n<meta property=\"og:site_name\" content=\"Das Archiv\" \/>\n<meta property=\"article:publisher\" content=\"https:\/\/www.facebook.com\/SackingBob74\" \/>\n<meta name=\"twitter:card\" content=\"summary_large_image\" \/>\n<meta name=\"twitter:site\" content=\"@SackingBob74\" \/>\n<meta name=\"twitter:label1\" content=\"Gesch\u00e4tzte Lesezeit\" \/>\n\t<meta name=\"twitter:data1\" content=\"2 Minuten\" \/>\n<script type=\"application\/ld+json\" class=\"yoast-schema-graph\">{\"@context\":\"https:\/\/schema.org\",\"@graph\":[{\"@type\":[\"Person\",\"Organization\"],\"@id\":\"https:\/\/sackingbob74.synology.me\/wordpress\/#\/schema\/person\/b4e8c9800a43e3dd482a88f9b5c1f484\",\"name\":\"SackingBob74\",\"image\":{\"@type\":\"ImageObject\",\"@id\":\"https:\/\/sackingbob74.synology.me\/wordpress\/#personlogo\",\"inLanguage\":\"de-DE\",\"url\":\"https:\/\/192.168.178.37\/wordpress\/wp-content\/uploads\/2017\/09\/e60748ec-bc11-4b2b-9771-d1736483a421-3010-000006f5be2e569f.jpg\",\"contentUrl\":\"https:\/\/192.168.178.37\/wordpress\/wp-content\/uploads\/2017\/09\/e60748ec-bc11-4b2b-9771-d1736483a421-3010-000006f5be2e569f.jpg\",\"width\":960,\"height\":1280,\"caption\":\"SackingBob74\"},\"logo\":{\"@id\":\"https:\/\/sackingbob74.synology.me\/wordpress\/#personlogo\"},\"description\":\"1974 in Dorsten geboren, entdeckte man fr\u00fch das fehlende sportliche Talent des Autors. \u00dcber Jahre erlernte er m\u00fchsam das Lesen und Schreiben, wobei er mit dem Letzteren immer seine Probleme hatte. Die Lehrer bescheinigten ihm ein hohes Ma\u00df an Fantasie und Flexibilit\u00e4t in der Rechtschreibung. Aus den oberen Gr\u00fcnden stand ihm lediglich der Zweig der Naturwissenschaften offen. Sein Werdegang wurde 2008 an Halloween mit einer Promotion in Chemie belohnt. Sein erstes Buch \u00bbNiedermolekulare Co-Kristallisation\u00ab erwies sich als Ladenh\u00fcter (Essener Uni-Bibliothek, wird wahrscheinlich z.Z. im unzug\u00e4nglichen Keller aufbewahrt). Um eine breitere \u00d6ffentlichkeit zu erreichen, beschloss der Autor, das Genre zu wechseln. Seit ein paar Jahren ver\u00f6ffentlicht er in seinem Blog &gt;SackingBob74.de&lt; Geschichten \u00fcber sich und die personalisierten Jahreszeiten. Er lebt mit seiner Familie in Gladbeck.\",\"sameAs\":[\"http:\/\/sackingbob74.synology.me\/wordpress\",\"https:\/\/www.facebook.com\/SackingBob74\",\"https:\/\/twitter.com\/SackingBob74\"]},{\"@type\":\"WebSite\",\"@id\":\"https:\/\/sackingbob74.synology.me\/wordpress\/#website\",\"url\":\"https:\/\/sackingbob74.synology.me\/wordpress\/\",\"name\":\"Das Archiv\",\"description\":\"Die Welt des Doc SAC aka SackingBob74\",\"publisher\":{\"@id\":\"https:\/\/sackingbob74.synology.me\/wordpress\/#\/schema\/person\/b4e8c9800a43e3dd482a88f9b5c1f484\"},\"potentialAction\":[{\"@type\":\"SearchAction\",\"target\":{\"@type\":\"EntryPoint\",\"urlTemplate\":\"https:\/\/sackingbob74.synology.me\/wordpress\/?s={search_term_string}\"},\"query-input\":\"required name=search_term_string\"}],\"inLanguage\":\"de-DE\"},{\"@type\":\"WebPage\",\"@id\":\"http:\/\/sackingbob74.synology.me\/wordpress\/impressum\/#webpage\",\"url\":\"http:\/\/sackingbob74.synology.me\/wordpress\/impressum\/\",\"name\":\"Impressum - Das Archiv\",\"isPartOf\":{\"@id\":\"https:\/\/sackingbob74.synology.me\/wordpress\/#website\"},\"datePublished\":\"2018-05-03T15:24:16+00:00\",\"dateModified\":\"2018-05-03T15:24:16+00:00\",\"breadcrumb\":{\"@id\":\"http:\/\/sackingbob74.synology.me\/wordpress\/impressum\/#breadcrumb\"},\"inLanguage\":\"de-DE\",\"potentialAction\":[{\"@type\":\"ReadAction\",\"target\":[\"http:\/\/sackingbob74.synology.me\/wordpress\/impressum\/\"]}]},{\"@type\":\"BreadcrumbList\",\"@id\":\"http:\/\/sackingbob74.synology.me\/wordpress\/impressum\/#breadcrumb\",\"itemListElement\":[{\"@type\":\"ListItem\",\"position\":1,\"name\":\"Startseite\",\"item\":\"https:\/\/sackingbob74.synology.me\/wordpress\/\"},{\"@type\":\"ListItem\",\"position\":2,\"name\":\"Impressum\"}]}]}<\/script>\n<!-- \/ Yoast SEO plugin. -->","yoast_head_json":{"title":"Impressum - Das Archiv","robots":{"index":"index","follow":"follow","max-snippet":"max-snippet:-1","max-image-preview":"max-image-preview:large","max-video-preview":"max-video-preview:-1"},"canonical":"http:\/\/sackingbob74.synology.me\/wordpress\/impressum\/","og_locale":"de_DE","og_type":"article","og_title":"Impressum - Das Archiv","og_description":"Impressum Angaben gem\u00e4\u00df \u00a7 5 TMG: Sebastian A. Cirkel Marcq-en-Baroeul-Str. 6 65966 Gladbeck Kontakt: Telefon: +49 (0) 170 4636878 E-Mail: sackingbob74@hotmail.de Haftung f\u00fcr Inhalte Als Diensteanbieter sind wir gem\u00e4\u00df \u00a7 7 Abs.1 TMG f\u00fcr eigene Inhalte auf diesen Seiten nach den allgemeinen Gesetzen verantwortlich. Nach \u00a7\u00a7 8 bis 10 TMG sind wir als Diensteanbieter jedoch [&hellip;]","og_url":"http:\/\/sackingbob74.synology.me\/wordpress\/impressum\/","og_site_name":"Das Archiv","article_publisher":"https:\/\/www.facebook.com\/SackingBob74","twitter_card":"summary_large_image","twitter_site":"@SackingBob74","twitter_misc":{"Gesch\u00e4tzte Lesezeit":"2 Minuten"},"schema":{"@context":"https:\/\/schema.org","@graph":[{"@type":["Person","Organization"],"@id":"https:\/\/sackingbob74.synology.me\/wordpress\/#\/schema\/person\/b4e8c9800a43e3dd482a88f9b5c1f484","name":"SackingBob74","image":{"@type":"ImageObject","@id":"https:\/\/sackingbob74.synology.me\/wordpress\/#personlogo","inLanguage":"de-DE","url":"https:\/\/192.168.178.37\/wordpress\/wp-content\/uploads\/2017\/09\/e60748ec-bc11-4b2b-9771-d1736483a421-3010-000006f5be2e569f.jpg","contentUrl":"https:\/\/192.168.178.37\/wordpress\/wp-content\/uploads\/2017\/09\/e60748ec-bc11-4b2b-9771-d1736483a421-3010-000006f5be2e569f.jpg","width":960,"height":1280,"caption":"SackingBob74"},"logo":{"@id":"https:\/\/sackingbob74.synology.me\/wordpress\/#personlogo"},"description":"1974 in Dorsten geboren, entdeckte man fr\u00fch das fehlende sportliche Talent des Autors. \u00dcber Jahre erlernte er m\u00fchsam das Lesen und Schreiben, wobei er mit dem Letzteren immer seine Probleme hatte. Die Lehrer bescheinigten ihm ein hohes Ma\u00df an Fantasie und Flexibilit\u00e4t in der Rechtschreibung. Aus den oberen Gr\u00fcnden stand ihm lediglich der Zweig der Naturwissenschaften offen. Sein Werdegang wurde 2008 an Halloween mit einer Promotion in Chemie belohnt. Sein erstes Buch \u00bbNiedermolekulare Co-Kristallisation\u00ab erwies sich als Ladenh\u00fcter (Essener Uni-Bibliothek, wird wahrscheinlich z.Z. im unzug\u00e4nglichen Keller aufbewahrt). Um eine breitere \u00d6ffentlichkeit zu erreichen, beschloss der Autor, das Genre zu wechseln. Seit ein paar Jahren ver\u00f6ffentlicht er in seinem Blog &gt;SackingBob74.de&lt; Geschichten \u00fcber sich und die personalisierten Jahreszeiten. Er lebt mit seiner Familie in Gladbeck.","sameAs":["http:\/\/sackingbob74.synology.me\/wordpress","https:\/\/www.facebook.com\/SackingBob74","https:\/\/twitter.com\/SackingBob74"]},{"@type":"WebSite","@id":"https:\/\/sackingbob74.synology.me\/wordpress\/#website","url":"https:\/\/sackingbob74.synology.me\/wordpress\/","name":"Das Archiv","description":"Die Welt des Doc SAC aka SackingBob74","publisher":{"@id":"https:\/\/sackingbob74.synology.me\/wordpress\/#\/schema\/person\/b4e8c9800a43e3dd482a88f9b5c1f484"},"potentialAction":[{"@type":"SearchAction","target":{"@type":"EntryPoint","urlTemplate":"https:\/\/sackingbob74.synology.me\/wordpress\/?s={search_term_string}"},"query-input":"required name=search_term_string"}],"inLanguage":"de-DE"},{"@type":"WebPage","@id":"http:\/\/sackingbob74.synology.me\/wordpress\/impressum\/#webpage","url":"http:\/\/sackingbob74.synology.me\/wordpress\/impressum\/","name":"Impressum - Das Archiv","isPartOf":{"@id":"https:\/\/sackingbob74.synology.me\/wordpress\/#website"},"datePublished":"2018-05-03T15:24:16+00:00","dateModified":"2018-05-03T15:24:16+00:00","breadcrumb":{"@id":"http:\/\/sackingbob74.synology.me\/wordpress\/impressum\/#breadcrumb"},"inLanguage":"de-DE","potentialAction":[{"@type":"ReadAction","target":["http:\/\/sackingbob74.synology.me\/wordpress\/impressum\/"]}]},{"@type":"BreadcrumbList","@id":"http:\/\/sackingbob74.synology.me\/wordpress\/impressum\/#breadcrumb","itemListElement":[{"@type":"ListItem","position":1,"name":"Startseite","item":"https:\/\/sackingbob74.synology.me\/wordpress\/"},{"@type":"ListItem","position":2,"name":"Impressum"}]}]}},"_links":{"self":[{"href":"http:\/\/sackingbob74.synology.me\/wordpress\/wp-json\/wp\/v2\/pages\/4277"}],"collection":[{"href":"http:\/\/sackingbob74.synology.me\/wordpress\/wp-json\/wp\/v2\/pages"}],"about":[{"href":"http:\/\/sackingbob74.synology.me\/wordpress\/wp-json\/wp\/v2\/types\/page"}],"author":[{"embeddable":true,"href":"http:\/\/sackingbob74.synology.me\/wordpress\/wp-json\/wp\/v2\/users\/1"}],"replies":[{"embeddable":true,"href":"http:\/\/sackingbob74.synology.me\/wordpress\/wp-json\/wp\/v2\/comments?post=4277"}],"version-history":[{"count":0,"href":"http:\/\/sackingbob74.synology.me\/wordpress\/wp-json\/wp\/v2\/pages\/4277\/revisions"}],"wp:attachment":[{"href":"http:\/\/sackingbob74.synology.me\/wordpress\/wp-json\/wp\/v2\/media?parent=4277"}],"curies":[{"name":"wp","href":"https:\/\/api.w.org\/{rel}","templated":true}]}}