{"id":1240,"date":"2016-03-21T22:30:19","date_gmt":"2016-03-21T20:30:19","guid":{"rendered":"https:\/\/sackingbob74.wordpress.com\/?page_id=1240"},"modified":"2016-03-21T22:30:19","modified_gmt":"2016-03-21T20:30:19","slug":"informationen","status":"publish","type":"page","link":"http:\/\/sackingbob74.synology.me\/wordpress\/informationen\/","title":{"rendered":"Fr\u00fchlings Geschichten"},"content":{"rendered":"<h2><span style=\"text-decoration:underline;\">Die Geschichte von 2016:<\/span><\/h2>\n<p style=\"padding-left:30px;\">Was vorher geschah\u00a0kann man in den folgenden Beitr\u00e4gen nachlesen:<br \/>\n<a href=\"https:\/\/sackingbob74.wordpress.com\/2015\/11\/29\/verbrechen-bis-weihnachten\/\">Verbrechen bis Weihnachten<br \/>\n<\/a><a href=\"https:\/\/sackingbob74.wordpress.com\/2016\/01\/13\/gemeine-heldin\/\">Gemeine Heldin<br \/>\n<\/a><a href=\"https:\/\/sackingbob74.wordpress.com\/2016\/01\/14\/geheime-soehne\/\">Geheime S\u00f6hne<\/a><\/p>\n<hr style=\"padding-left:30px;\" \/>\n<p style=\"padding-left:30px;\">Es fing eigentlich harmlos an.<\/p>\n<p style=\"padding-left:30px;\">Herbst erz\u00e4hlte mir aus purer Langeweile von seinen Jobs, die er \u00fcber die Jahre angenommen hatte. Einer davon hatte ihn bisher am meisten gefallen und das war die Arbeit als Kommissar.<br \/>\nDer Fall, den er damals bearbeitete, war ihm noch lebhaft im Sinn geblieben.<br \/>\nIn einem von innen geschlossenen\u00a0Raum, war die Leiche einer alten Frau gefunden worden. Es h\u00e4tte alles auf einen Unfall oder eine nat\u00fcrliche Todesursache hingedeutet, wenn der Raum nicht nach dem Tod der alten Dame verw\u00fcstet bzw. durchsucht worden w\u00e4re. \u00dcberall lagen Gegenst\u00e4nde verstreut herum. Teilweise auch auf der Leiche.<br \/>\nHerbst fand heraus, dass die Dame vor Jahren Zeugin eines Raubmordes gewesen war. Der Edelstein, der damals geraubt wurde, konnte nie gefunden werden.<br \/>\nNur wenige Tage\u00a0vor dem Tod der Alten, war der letzte der R\u00e4uber im Gef\u00e4ngnis gestorben.<br \/>\nHerbst Ermittlungen steckten fest. Er konnte weder kl\u00e4ren, wer f\u00fcr den Mord verantwortlich war, noch wo der Edelstein steckte. Als seine Zeit kam, trat er zur\u00fcck und musste Winter das Feld \u00fcberlassen.<\/p>\n<p style=\"padding-left:30px;\">Winter wollte mir zun\u00e4chst nicht von ihren Ermittlungen erz\u00e4hlen. Ich fand heraus, dass sie es nicht gerne tat, weil sie den T\u00e4ter nicht stellen konnte.<br \/>\nSie fand herauf, dass der Mann, der w\u00e4hrend des Raubes get\u00f6tet wurde, der Ehemann der alten Frau gewesen war. Mit dem R\u00e4uber, der im Gef\u00e4ngnis ein paar Tage fr\u00fcher starb als die Alte, hatte die Frau vor dem Raub ein Verh\u00e4ltnis, die zur Zeugung eines gemeinsamen Sohnes f\u00fchrte, der zur Adoption freigegeben wurde.<\/p>\n<p style=\"padding-left:30px;\">Dieser Sohn war im Gef\u00e4ngnis aufgetaucht und hatte seinen leiblichen Vater besucht. Kurz darauf war der R\u00e4uber tot. In der Wohnung fand Winter ebenfalls DNA Spuren, die auf den Besuch des fremden Sohns deute. Winters verbrachte die gesamte ausstehende Zeit auf der Suche nach diesem\u00a0Sohn.<\/p>\n<p style=\"padding-left:30px;\">Leider reichte ihre\u00a0Zeit jedoch nicht aus.<\/p>\n<hr style=\"padding-left:30px;\" \/>\n<p style=\"padding-left:30px;\">Die Geschichte in Kapiteln:<\/p>\n<div id='gallery-1' class='gallery galleryid-1240 gallery-columns-3 gallery-size-thumbnail'><figure class='gallery-item'>\n\t\t\t<div class='gallery-icon landscape'>\n\t\t\t\t<a href='http:\/\/sackingbob74.synology.me\/wordpress\/enlight1\/'><img width=\"150\" height=\"150\" src=\"http:\/\/sackingbob74.synology.me\/wordpress\/wp-content\/uploads\/2016\/03\/enlight1-150x150.jpg\" class=\"attachment-thumbnail size-thumbnail\" alt=\"\" decoding=\"async\" loading=\"lazy\" aria-describedby=\"gallery-1-1219\" \/><\/a>\n\t\t\t<\/div>\n\t\t\t\t<figcaption class='wp-caption-text gallery-caption' id='gallery-1-1219'>\n\t\t\t\tKapitel 1\n\t\t\t\t<\/figcaption><\/figure><figure class='gallery-item'>\n\t\t\t<div class='gallery-icon landscape'>\n\t\t\t\t<a href='http:\/\/sackingbob74.synology.me\/wordpress\/img_0107\/'><img width=\"150\" height=\"150\" src=\"http:\/\/sackingbob74.synology.me\/wordpress\/wp-content\/uploads\/2016\/04\/img_0107-150x150.jpg\" class=\"attachment-thumbnail size-thumbnail\" alt=\"\" decoding=\"async\" loading=\"lazy\" aria-describedby=\"gallery-1-1366\" \/><\/a>\n\t\t\t<\/div>\n\t\t\t\t<figcaption class='wp-caption-text gallery-caption' id='gallery-1-1366'>\n\t\t\t\tKapitel 2\n\t\t\t\t<\/figcaption><\/figure><figure class='gallery-item'>\n\t\t\t<div class='gallery-icon landscape'>\n\t\t\t\t<a href='http:\/\/sackingbob74.synology.me\/wordpress\/img_0110\/'><img width=\"150\" height=\"150\" src=\"http:\/\/sackingbob74.synology.me\/wordpress\/wp-content\/uploads\/2016\/04\/img_0110-150x150.jpg\" class=\"attachment-thumbnail size-thumbnail\" alt=\"\" decoding=\"async\" loading=\"lazy\" aria-describedby=\"gallery-1-1510\" \/><\/a>\n\t\t\t<\/div>\n\t\t\t\t<figcaption class='wp-caption-text gallery-caption' id='gallery-1-1510'>\n\t\t\t\tKapitel 3\n\t\t\t\t<\/figcaption><\/figure><figure class='gallery-item'>\n\t\t\t<div class='gallery-icon landscape'>\n\t\t\t\t<a href='http:\/\/sackingbob74.synology.me\/wordpress\/img_0112\/'><img width=\"150\" height=\"150\" src=\"http:\/\/sackingbob74.synology.me\/wordpress\/wp-content\/uploads\/2016\/04\/img_0112-150x150.jpg\" class=\"attachment-thumbnail size-thumbnail\" alt=\"\" decoding=\"async\" loading=\"lazy\" srcset=\"http:\/\/sackingbob74.synology.me\/wordpress\/wp-content\/uploads\/2016\/04\/img_0112-150x150.jpg 150w, http:\/\/sackingbob74.synology.me\/wordpress\/wp-content\/uploads\/2016\/04\/img_0112-300x300.jpg 300w, http:\/\/sackingbob74.synology.me\/wordpress\/wp-content\/uploads\/2016\/04\/img_0112-1024x1024.jpg 1024w, http:\/\/sackingbob74.synology.me\/wordpress\/wp-content\/uploads\/2016\/04\/img_0112-768x768.jpg 768w, http:\/\/sackingbob74.synology.me\/wordpress\/wp-content\/uploads\/2016\/04\/img_0112-1536x1536.jpg 1536w, http:\/\/sackingbob74.synology.me\/wordpress\/wp-content\/uploads\/2016\/04\/img_0112-2048x2048.jpg 2048w\" sizes=\"(max-width: 150px) 100vw, 150px\" \/><\/a>\n\t\t\t<\/div><\/figure><figure class='gallery-item'>\n\t\t\t<div class='gallery-icon landscape'>\n\t\t\t\t<a href='http:\/\/sackingbob74.synology.me\/wordpress\/e686d3d4-b137-42a0-9fc4-55f0f9385c08\/'><img width=\"150\" height=\"150\" src=\"http:\/\/sackingbob74.synology.me\/wordpress\/wp-content\/uploads\/2016\/04\/e686d3d4-b137-42a0-9fc4-55f0f9385c08-150x150.jpg\" class=\"attachment-thumbnail size-thumbnail\" alt=\"\" decoding=\"async\" loading=\"lazy\" \/><\/a>\n\t\t\t<\/div><\/figure><figure class='gallery-item'>\n\t\t\t<div class='gallery-icon landscape'>\n\t\t\t\t<a href='http:\/\/sackingbob74.synology.me\/wordpress\/2016\/05\/30\/gleichform\/img_0122-2-3\/'><img width=\"150\" height=\"150\" src=\"http:\/\/sackingbob74.synology.me\/wordpress\/wp-content\/uploads\/2016\/05\/img_0122-21-150x150.jpg\" class=\"attachment-thumbnail size-thumbnail\" alt=\"\" decoding=\"async\" loading=\"lazy\" \/><\/a>\n\t\t\t<\/div><\/figure><figure class='gallery-item'>\n\t\t\t<div class='gallery-icon landscape'>\n\t\t\t\t<a href='http:\/\/sackingbob74.synology.me\/wordpress\/2016\/06\/09\/film-kniff\/img_0125-1\/'><img width=\"150\" height=\"150\" src=\"http:\/\/sackingbob74.synology.me\/wordpress\/wp-content\/uploads\/2016\/05\/img_0125-1-150x150.jpg\" class=\"attachment-thumbnail size-thumbnail\" alt=\"\" decoding=\"async\" loading=\"lazy\" \/><\/a>\n\t\t\t<\/div><\/figure>\n\t\t<\/div>\n\n<p style=\"padding-left:30px;\"><a href=\"https:\/\/sackingbob74.wordpress.com\/informationen\/1-kapitel\/\">Kapitel 1<\/a><br \/>\n<a href=\"https:\/\/sackingbob74.wordpress.com\/informationen\/kapitel-2\/\">Kapitel 2<\/a><br \/>\n<a href=\"https:\/\/sackingbob74.wordpress.com\/informationen\/kapitel-3\/\">Kapitel 3<br \/>\n<\/a><a href=\"https:\/\/sackingbob74.wordpress.com\/informationen\/kapitel-4\/\">Kapitel 4<\/a><br \/>\n<a href=\"https:\/\/sackingbob74.wordpress.com\/informationen\/kapitel-5\/\">Kapitel 5<\/a><\/p>\n<p>&nbsp;<\/p>\n","protected":false},"excerpt":{"rendered":"<p>Die Geschichte von 2016: Was vorher geschah\u00a0kann man in den folgenden Beitr\u00e4gen nachlesen: Verbrechen bis Weihnachten Gemeine Heldin Geheime S\u00f6hne Es fing eigentlich harmlos an. Herbst erz\u00e4hlte mir aus purer Langeweile von seinen Jobs, die er \u00fcber die Jahre angenommen hatte. Einer davon hatte ihn bisher am meisten gefallen und das war die Arbeit als [&hellip;]<\/p>\n","protected":false},"author":1,"featured_media":1219,"parent":0,"menu_order":1,"comment_status":"open","ping_status":"open","template":"","meta":{"_bbp_topic_count":0,"_bbp_reply_count":0,"_bbp_total_topic_count":0,"_bbp_total_reply_count":0,"_bbp_voice_count":0,"_bbp_anonymous_reply_count":0,"_bbp_topic_count_hidden":0,"_bbp_reply_count_hidden":0,"_bbp_forum_subforum_count":0,"episode_type":"","audio_file":"","cover_image":"","cover_image_id":"","duration":"","filesize":"","date_recorded":"","explicit":"","block":"","filesize_raw":""},"yoast_head":"<!-- This site is optimized with the Yoast SEO plugin v18.2 - https:\/\/yoast.com\/wordpress\/plugins\/seo\/ -->\n<title>Fr\u00fchlings Geschichten - Das Archiv<\/title>\n<meta name=\"robots\" content=\"index, follow, max-snippet:-1, max-image-preview:large, max-video-preview:-1\" \/>\n<link rel=\"canonical\" href=\"http:\/\/sackingbob74.synology.me\/wordpress\/informationen\/\" \/>\n<meta property=\"og:locale\" content=\"de_DE\" \/>\n<meta property=\"og:type\" content=\"article\" \/>\n<meta property=\"og:title\" content=\"Fr\u00fchlings Geschichten - Das Archiv\" \/>\n<meta property=\"og:description\" content=\"Die Geschichte von 2016: Was vorher geschah\u00a0kann man in den folgenden Beitr\u00e4gen nachlesen: Verbrechen bis Weihnachten Gemeine Heldin Geheime S\u00f6hne Es fing eigentlich harmlos an. Herbst erz\u00e4hlte mir aus purer Langeweile von seinen Jobs, die er \u00fcber die Jahre angenommen hatte. Einer davon hatte ihn bisher am meisten gefallen und das war die Arbeit als [&hellip;]\" \/>\n<meta property=\"og:url\" content=\"http:\/\/sackingbob74.synology.me\/wordpress\/informationen\/\" \/>\n<meta property=\"og:site_name\" content=\"Das Archiv\" \/>\n<meta property=\"article:publisher\" content=\"https:\/\/www.facebook.com\/SackingBob74\" \/>\n<meta property=\"og:image\" content=\"http:\/\/sackingbob74.synology.me\/wordpress\/wp-content\/uploads\/2016\/03\/enlight1.jpg\" \/>\n\t<meta property=\"og:image:width\" content=\"2448\" \/>\n\t<meta property=\"og:image:height\" content=\"1975\" \/>\n\t<meta property=\"og:image:type\" content=\"image\/jpeg\" \/>\n<meta name=\"twitter:card\" content=\"summary_large_image\" \/>\n<meta name=\"twitter:site\" content=\"@SackingBob74\" \/>\n<meta name=\"twitter:label1\" content=\"Gesch\u00e4tzte Lesezeit\" \/>\n\t<meta name=\"twitter:data1\" content=\"2 Minuten\" \/>\n<script type=\"application\/ld+json\" class=\"yoast-schema-graph\">{\"@context\":\"https:\/\/schema.org\",\"@graph\":[{\"@type\":[\"Person\",\"Organization\"],\"@id\":\"https:\/\/sackingbob74.synology.me\/wordpress\/#\/schema\/person\/b4e8c9800a43e3dd482a88f9b5c1f484\",\"name\":\"SackingBob74\",\"image\":{\"@type\":\"ImageObject\",\"@id\":\"https:\/\/sackingbob74.synology.me\/wordpress\/#personlogo\",\"inLanguage\":\"de-DE\",\"url\":\"https:\/\/192.168.178.37\/wordpress\/wp-content\/uploads\/2017\/09\/e60748ec-bc11-4b2b-9771-d1736483a421-3010-000006f5be2e569f.jpg\",\"contentUrl\":\"https:\/\/192.168.178.37\/wordpress\/wp-content\/uploads\/2017\/09\/e60748ec-bc11-4b2b-9771-d1736483a421-3010-000006f5be2e569f.jpg\",\"width\":960,\"height\":1280,\"caption\":\"SackingBob74\"},\"logo\":{\"@id\":\"https:\/\/sackingbob74.synology.me\/wordpress\/#personlogo\"},\"description\":\"1974 in Dorsten geboren, entdeckte man fr\u00fch das fehlende sportliche Talent des Autors. \u00dcber Jahre erlernte er m\u00fchsam das Lesen und Schreiben, wobei er mit dem Letzteren immer seine Probleme hatte. Die Lehrer bescheinigten ihm ein hohes Ma\u00df an Fantasie und Flexibilit\u00e4t in der Rechtschreibung. Aus den oberen Gr\u00fcnden stand ihm lediglich der Zweig der Naturwissenschaften offen. Sein Werdegang wurde 2008 an Halloween mit einer Promotion in Chemie belohnt. Sein erstes Buch \u00bbNiedermolekulare Co-Kristallisation\u00ab erwies sich als Ladenh\u00fcter (Essener Uni-Bibliothek, wird wahrscheinlich z.Z. im unzug\u00e4nglichen Keller aufbewahrt). Um eine breitere \u00d6ffentlichkeit zu erreichen, beschloss der Autor, das Genre zu wechseln. Seit ein paar Jahren ver\u00f6ffentlicht er in seinem Blog &gt;SackingBob74.de&lt; Geschichten \u00fcber sich und die personalisierten Jahreszeiten. Er lebt mit seiner Familie in Gladbeck.\",\"sameAs\":[\"http:\/\/sackingbob74.synology.me\/wordpress\",\"https:\/\/www.facebook.com\/SackingBob74\",\"https:\/\/twitter.com\/SackingBob74\"]},{\"@type\":\"WebSite\",\"@id\":\"https:\/\/sackingbob74.synology.me\/wordpress\/#website\",\"url\":\"https:\/\/sackingbob74.synology.me\/wordpress\/\",\"name\":\"Das Archiv\",\"description\":\"Die Welt des Doc SAC aka SackingBob74\",\"publisher\":{\"@id\":\"https:\/\/sackingbob74.synology.me\/wordpress\/#\/schema\/person\/b4e8c9800a43e3dd482a88f9b5c1f484\"},\"potentialAction\":[{\"@type\":\"SearchAction\",\"target\":{\"@type\":\"EntryPoint\",\"urlTemplate\":\"https:\/\/sackingbob74.synology.me\/wordpress\/?s={search_term_string}\"},\"query-input\":\"required name=search_term_string\"}],\"inLanguage\":\"de-DE\"},{\"@type\":\"ImageObject\",\"@id\":\"http:\/\/sackingbob74.synology.me\/wordpress\/informationen\/#primaryimage\",\"inLanguage\":\"de-DE\",\"url\":\"http:\/\/sackingbob74.synology.me\/wordpress\/wp-content\/uploads\/2016\/03\/enlight1.jpg\",\"contentUrl\":\"http:\/\/sackingbob74.synology.me\/wordpress\/wp-content\/uploads\/2016\/03\/enlight1.jpg\",\"width\":2448,\"height\":1975,\"caption\":\"Kapitel 1\"},{\"@type\":\"WebPage\",\"@id\":\"http:\/\/sackingbob74.synology.me\/wordpress\/informationen\/#webpage\",\"url\":\"http:\/\/sackingbob74.synology.me\/wordpress\/informationen\/\",\"name\":\"Fr\u00fchlings Geschichten - Das Archiv\",\"isPartOf\":{\"@id\":\"https:\/\/sackingbob74.synology.me\/wordpress\/#website\"},\"primaryImageOfPage\":{\"@id\":\"http:\/\/sackingbob74.synology.me\/wordpress\/informationen\/#primaryimage\"},\"datePublished\":\"2016-03-21T20:30:19+00:00\",\"dateModified\":\"2016-03-21T20:30:19+00:00\",\"breadcrumb\":{\"@id\":\"http:\/\/sackingbob74.synology.me\/wordpress\/informationen\/#breadcrumb\"},\"inLanguage\":\"de-DE\",\"potentialAction\":[{\"@type\":\"ReadAction\",\"target\":[\"http:\/\/sackingbob74.synology.me\/wordpress\/informationen\/\"]}]},{\"@type\":\"BreadcrumbList\",\"@id\":\"http:\/\/sackingbob74.synology.me\/wordpress\/informationen\/#breadcrumb\",\"itemListElement\":[{\"@type\":\"ListItem\",\"position\":1,\"name\":\"Startseite\",\"item\":\"https:\/\/sackingbob74.synology.me\/wordpress\/\"},{\"@type\":\"ListItem\",\"position\":2,\"name\":\"Fr\u00fchlings Geschichten\"}]}]}<\/script>\n<!-- \/ Yoast SEO plugin. -->","yoast_head_json":{"title":"Fr\u00fchlings Geschichten - Das Archiv","robots":{"index":"index","follow":"follow","max-snippet":"max-snippet:-1","max-image-preview":"max-image-preview:large","max-video-preview":"max-video-preview:-1"},"canonical":"http:\/\/sackingbob74.synology.me\/wordpress\/informationen\/","og_locale":"de_DE","og_type":"article","og_title":"Fr\u00fchlings Geschichten - Das Archiv","og_description":"Die Geschichte von 2016: Was vorher geschah\u00a0kann man in den folgenden Beitr\u00e4gen nachlesen: Verbrechen bis Weihnachten Gemeine Heldin Geheime S\u00f6hne Es fing eigentlich harmlos an. Herbst erz\u00e4hlte mir aus purer Langeweile von seinen Jobs, die er \u00fcber die Jahre angenommen hatte. Einer davon hatte ihn bisher am meisten gefallen und das war die Arbeit als [&hellip;]","og_url":"http:\/\/sackingbob74.synology.me\/wordpress\/informationen\/","og_site_name":"Das Archiv","article_publisher":"https:\/\/www.facebook.com\/SackingBob74","og_image":[{"width":2448,"height":1975,"url":"http:\/\/sackingbob74.synology.me\/wordpress\/wp-content\/uploads\/2016\/03\/enlight1.jpg","type":"image\/jpeg"}],"twitter_card":"summary_large_image","twitter_site":"@SackingBob74","twitter_misc":{"Gesch\u00e4tzte Lesezeit":"2 Minuten"},"schema":{"@context":"https:\/\/schema.org","@graph":[{"@type":["Person","Organization"],"@id":"https:\/\/sackingbob74.synology.me\/wordpress\/#\/schema\/person\/b4e8c9800a43e3dd482a88f9b5c1f484","name":"SackingBob74","image":{"@type":"ImageObject","@id":"https:\/\/sackingbob74.synology.me\/wordpress\/#personlogo","inLanguage":"de-DE","url":"https:\/\/192.168.178.37\/wordpress\/wp-content\/uploads\/2017\/09\/e60748ec-bc11-4b2b-9771-d1736483a421-3010-000006f5be2e569f.jpg","contentUrl":"https:\/\/192.168.178.37\/wordpress\/wp-content\/uploads\/2017\/09\/e60748ec-bc11-4b2b-9771-d1736483a421-3010-000006f5be2e569f.jpg","width":960,"height":1280,"caption":"SackingBob74"},"logo":{"@id":"https:\/\/sackingbob74.synology.me\/wordpress\/#personlogo"},"description":"1974 in Dorsten geboren, entdeckte man fr\u00fch das fehlende sportliche Talent des Autors. \u00dcber Jahre erlernte er m\u00fchsam das Lesen und Schreiben, wobei er mit dem Letzteren immer seine Probleme hatte. Die Lehrer bescheinigten ihm ein hohes Ma\u00df an Fantasie und Flexibilit\u00e4t in der Rechtschreibung. Aus den oberen Gr\u00fcnden stand ihm lediglich der Zweig der Naturwissenschaften offen. Sein Werdegang wurde 2008 an Halloween mit einer Promotion in Chemie belohnt. Sein erstes Buch \u00bbNiedermolekulare Co-Kristallisation\u00ab erwies sich als Ladenh\u00fcter (Essener Uni-Bibliothek, wird wahrscheinlich z.Z. im unzug\u00e4nglichen Keller aufbewahrt). Um eine breitere \u00d6ffentlichkeit zu erreichen, beschloss der Autor, das Genre zu wechseln. Seit ein paar Jahren ver\u00f6ffentlicht er in seinem Blog &gt;SackingBob74.de&lt; Geschichten \u00fcber sich und die personalisierten Jahreszeiten. Er lebt mit seiner Familie in Gladbeck.","sameAs":["http:\/\/sackingbob74.synology.me\/wordpress","https:\/\/www.facebook.com\/SackingBob74","https:\/\/twitter.com\/SackingBob74"]},{"@type":"WebSite","@id":"https:\/\/sackingbob74.synology.me\/wordpress\/#website","url":"https:\/\/sackingbob74.synology.me\/wordpress\/","name":"Das Archiv","description":"Die Welt des Doc SAC aka SackingBob74","publisher":{"@id":"https:\/\/sackingbob74.synology.me\/wordpress\/#\/schema\/person\/b4e8c9800a43e3dd482a88f9b5c1f484"},"potentialAction":[{"@type":"SearchAction","target":{"@type":"EntryPoint","urlTemplate":"https:\/\/sackingbob74.synology.me\/wordpress\/?s={search_term_string}"},"query-input":"required name=search_term_string"}],"inLanguage":"de-DE"},{"@type":"ImageObject","@id":"http:\/\/sackingbob74.synology.me\/wordpress\/informationen\/#primaryimage","inLanguage":"de-DE","url":"http:\/\/sackingbob74.synology.me\/wordpress\/wp-content\/uploads\/2016\/03\/enlight1.jpg","contentUrl":"http:\/\/sackingbob74.synology.me\/wordpress\/wp-content\/uploads\/2016\/03\/enlight1.jpg","width":2448,"height":1975,"caption":"Kapitel 1"},{"@type":"WebPage","@id":"http:\/\/sackingbob74.synology.me\/wordpress\/informationen\/#webpage","url":"http:\/\/sackingbob74.synology.me\/wordpress\/informationen\/","name":"Fr\u00fchlings Geschichten - Das Archiv","isPartOf":{"@id":"https:\/\/sackingbob74.synology.me\/wordpress\/#website"},"primaryImageOfPage":{"@id":"http:\/\/sackingbob74.synology.me\/wordpress\/informationen\/#primaryimage"},"datePublished":"2016-03-21T20:30:19+00:00","dateModified":"2016-03-21T20:30:19+00:00","breadcrumb":{"@id":"http:\/\/sackingbob74.synology.me\/wordpress\/informationen\/#breadcrumb"},"inLanguage":"de-DE","potentialAction":[{"@type":"ReadAction","target":["http:\/\/sackingbob74.synology.me\/wordpress\/informationen\/"]}]},{"@type":"BreadcrumbList","@id":"http:\/\/sackingbob74.synology.me\/wordpress\/informationen\/#breadcrumb","itemListElement":[{"@type":"ListItem","position":1,"name":"Startseite","item":"https:\/\/sackingbob74.synology.me\/wordpress\/"},{"@type":"ListItem","position":2,"name":"Fr\u00fchlings Geschichten"}]}]}},"_links":{"self":[{"href":"http:\/\/sackingbob74.synology.me\/wordpress\/wp-json\/wp\/v2\/pages\/1240"}],"collection":[{"href":"http:\/\/sackingbob74.synology.me\/wordpress\/wp-json\/wp\/v2\/pages"}],"about":[{"href":"http:\/\/sackingbob74.synology.me\/wordpress\/wp-json\/wp\/v2\/types\/page"}],"author":[{"embeddable":true,"href":"http:\/\/sackingbob74.synology.me\/wordpress\/wp-json\/wp\/v2\/users\/1"}],"replies":[{"embeddable":true,"href":"http:\/\/sackingbob74.synology.me\/wordpress\/wp-json\/wp\/v2\/comments?post=1240"}],"version-history":[{"count":0,"href":"http:\/\/sackingbob74.synology.me\/wordpress\/wp-json\/wp\/v2\/pages\/1240\/revisions"}],"wp:featuredmedia":[{"embeddable":true,"href":"http:\/\/sackingbob74.synology.me\/wordpress\/wp-json\/wp\/v2\/media\/1219"}],"wp:attachment":[{"href":"http:\/\/sackingbob74.synology.me\/wordpress\/wp-json\/wp\/v2\/media?parent=1240"}],"curies":[{"name":"wp","href":"https:\/\/api.w.org\/{rel}","templated":true}]}}